{"id":51,"date":"2026-03-04T13:19:36","date_gmt":"2026-03-04T12:19:36","guid":{"rendered":"https:\/\/berlinzusammen.de\/?page_id=51"},"modified":"2026-04-13T19:36:43","modified_gmt":"2026-04-13T17:36:43","slug":"das-sind-wir","status":"publish","type":"page","link":"https:\/\/berlinzusammen.de\/bg\/das-sind-wir\/","title":{"rendered":"\u0422\u043e\u0432\u0430 \u0441\u043c\u0435 \u043d\u0438\u0435"},"content":{"rendered":"<div class=\"wp-block-group alignfull bz-section bz-section--green has-contrast-background-color has-background has-global-padding is-content-justification-left is-layout-constrained wp-container-core-group-is-layout-532a9852 wp-block-group-is-layout-constrained\" style=\"padding-top:var(--wp--preset--spacing--80);padding-right:var(--wp--preset--spacing--60);padding-bottom:var(--wp--preset--spacing--80);padding-left:var(--wp--preset--spacing--60)\">\n<div class=\"wp-block-columns is-layout-flex wp-container-core-columns-is-layout-a9574bfe wp-block-columns-is-layout-flex\" style=\"margin-top:0;margin-bottom:0\">\n<div class=\"wp-block-column is-vertically-aligned-top is-layout-flow wp-block-column-is-layout-flow\" style=\"flex-basis:250px\">\n<div class=\"blob-bubble bg-green\">\n  <span class=\"blob-bubble__text bg-green\">\u0422\u043e\u0432\u0430 \u0441\u043c\u0435 \u043d\u0438\u0435<\/span>\n<\/div>\n<\/div>\n\n\n\n<div class=\"wp-block-column is-vertically-aligned-center is-layout-flow wp-container-core-column-is-layout-f5bb311e wp-block-column-is-layout-flow\">\n<h2 class=\"wp-block-heading has-base-color has-text-color has-link-color has-2-xl-font-size wp-elements-3cdf2e61e4e9537a90b1ffcc1c2f13a0\">\u0425\u043e\u0440\u0430\u0442\u0430, \u043a\u043e\u0438\u0442\u043e \u0441\u0442\u043e\u044f\u0442 \u0437\u0430\u0434 BerlinZusammen.&nbsp;<\/h2>\n\n\n\n<p class=\"has-base-color has-text-color has-link-color wp-elements-51e015e85b08cbd660a2d82c6b6330eb\">\u041e\u0431\u0435\u0434\u0438\u043d\u044f\u0432\u0430 \u043d\u0438 \u0438\u0434\u0435\u044f\u0442\u0430 \u0437\u0430 \u0411\u0435\u0440\u043b\u0438\u043d, \u0432 \u043a\u043e\u0439\u0442\u043e \u0432\u0441\u0435\u043a\u0438 \u043c\u043e\u0436\u0435 \u0434\u0430 \u0436\u0438\u0432\u0435\u0435 \u0434\u043e\u0431\u0440\u0435 - \u0441\u043e\u043b\u0438\u0434\u0430\u0440\u043d\u043e, \u0434\u0435\u043c\u043e\u043a\u0440\u0430\u0442\u0438\u0447\u043d\u043e \u0438 \u0441 \u0440\u0435\u0430\u043b\u043d\u043e \u0443\u0447\u0430\u0441\u0442\u0438\u0435 \u0432 \u0431\u044a\u0434\u0435\u0449\u0435\u0442\u043e \u043d\u0430 \u0433\u0440\u0430\u0434\u0430. \u041d\u0438\u0435 \u0441\u043c\u0435 \u043a\u0430\u043c\u043f\u0430\u043d\u0438\u044f \u0438 \u043f\u043b\u0430\u0442\u0444\u043e\u0440\u043c\u0430 \u043d\u0430 \u0433\u0440\u0430\u0436\u0434\u0430\u043d\u0441\u043a\u043e\u0442\u043e \u043e\u0431\u0449\u0435\u0441\u0442\u0432\u043e, \u043a\u043e\u044f\u0442\u043e \u043c\u043e\u0449\u043d\u043e \u043f\u0440\u0435\u0434\u0441\u0442\u0430\u0432\u044f \u0436\u0435\u043b\u0430\u043d\u0438\u044f\u0442\u0430 \u043d\u0430 \u0433\u0440\u0430\u0434\u0441\u043a\u043e\u0442\u043e \u043e\u0431\u0449\u0435\u0441\u0442\u0432\u043e \u0437\u0430 \u043f\u0440\u043e\u043c\u044f\u043d\u0430 \u043d\u0430 \u0432\u043d\u0438\u043c\u0430\u043d\u0438\u0435\u0442\u043e \u043d\u0430 \u043f\u043e\u043b\u0438\u0442\u0438\u0446\u0438\u0442\u0435.<\/p>\n\n\n\n<p class=\"has-base-color has-text-color has-link-color wp-elements-a426ebb5207422821baf8cd24d372a41\">\u041d\u044f\u043a\u043e\u0438 \u043e\u0442 \u043d\u0430\u0441 \u0441\u0430 \u0430\u043a\u0442\u0438\u0432\u043d\u0438 \u0432 \u0441\u043e\u0446\u0438\u0430\u043b\u043d\u0438\u0442\u0435 \u0434\u0432\u0438\u0436\u0435\u043d\u0438\u044f \u043e\u0442 \u0433\u043e\u0434\u0438\u043d\u0438. \u0414\u0440\u0443\u0433\u0438 \u0441\u0435 \u0432\u043a\u043b\u044e\u0447\u0432\u0430\u0442 \u0437\u0430 \u043f\u044a\u0440\u0432\u0438 \u043f\u044a\u0442. \u041d\u0438\u0435 \u0441\u0435 \u0432\u044a\u0437\u043f\u0440\u0438\u0435\u043c\u0430\u043c\u0435 \u043a\u0430\u0442\u043e \u043f\u043b\u0430\u0442\u0444\u043e\u0440\u043c\u0430 \u0438 \u0443\u0441\u0438\u043b\u0432\u0430\u0442\u0435\u043b \u043d\u0430 \u043c\u043d\u043e\u0433\u043e\u0431\u0440\u043e\u0439\u043d\u0438\u0442\u0435 \u043c\u043e\u0449\u043d\u0438 \u0438\u043d\u0438\u0446\u0438\u0430\u0442\u0438\u0432\u0438, \u043a\u043e\u0438\u0442\u043e \u0432\u0435\u0447\u0435 \u0432\u043e\u0434\u044f\u0442 \u043a\u0430\u043c\u043f\u0430\u043d\u0438\u0438 \u0437\u0430 \u043f\u043e\u043b\u0438\u0442\u0438\u0447\u0435\u0441\u043a\u0430 \u043f\u0440\u043e\u043c\u044f\u043d\u0430 \u0432 \u0438\u043d\u0442\u0435\u0440\u0435\u0441 \u043d\u0430 \u0445\u043e\u0440\u0430\u0442\u0430 \u0432 \u0442\u043e\u0437\u0438 \u0433\u0440\u0430\u0434. \u0418 \u0441\u043c\u0435 \u0442\u043e\u0447\u043a\u0430 \u0437\u0430 \u043a\u043e\u043d\u0442\u0430\u043a\u0442 \u0437\u0430 \u0445\u043e\u0440\u0430, \u043a\u043e\u0438\u0442\u043e \u043d\u0435 \u0441\u0430 \u0431\u0438\u043b\u0438 \u0430\u043a\u0442\u0438\u0432\u043d\u0438 \u0432 \u043c\u0438\u043d\u0430\u043b\u043e\u0442\u043e, \u043d\u043e \u0441\u0435\u0433\u0430 \u0432\u0438\u0436\u0434\u0430\u0442 \u0432\u044a\u0437\u043c\u043e\u0436\u043d\u043e\u0441\u0442 \u0434\u0430 \u043f\u043e\u043c\u043e\u0433\u043d\u0430\u0442 \u0437\u0430 \u043e\u0444\u043e\u0440\u043c\u044f\u043d\u0435\u0442\u043e \u043d\u0430 \u0411\u0435\u0440\u043b\u0438\u043d.<\/p>\n\n\n\n<p class=\"has-base-color has-text-color has-link-color wp-elements-c1c42b6c451c352128e77866f47a6445\">\ud83d\udc9a \u041e\u0442\u0432\u043e\u0440\u0435\u043d\u0438 \u0441\u043c\u0435 \u0437\u0430 \u0432\u0441\u0438\u0447\u043a\u0438, \u043a\u043e\u0438\u0442\u043e \u0441\u043f\u043e\u0434\u0435\u043b\u044f\u0442 \u0436\u0435\u043b\u0430\u043d\u0438\u0435\u0442\u043e \u0437\u0430 \u0441\u043e\u043b\u0438\u0434\u0430\u0440\u0435\u043d \u0433\u0440\u0430\u0434 - \u0441\u044a\u0441 \u0438\u043b\u0438 \u0431\u0435\u0437 \u043f\u043e\u043b\u0438\u0442\u0438\u0447\u0435\u0441\u043a\u0438 \u043e\u043f\u0438\u0442.<\/p>\n<\/div>\n<\/div>\n<\/div>\n\n\n\n<div class=\"wp-block-group has-global-padding is-layout-constrained wp-container-core-group-is-layout-c385debf wp-block-group-is-layout-constrained\" style=\"padding-top:var(--wp--preset--spacing--20);padding-right:var(--wp--preset--spacing--20);padding-bottom:var(--wp--preset--spacing--20);padding-left:var(--wp--preset--spacing--20)\"><div class=\"bz-image-gallery wp-block-berlinzusammen-image-gallery\">\n\t\t\t<div\n\t\t\tclass=\"bz-gallery-grid\"\n\t\t\tstyle=\"--bz-gallery-columns: 3;\"\n\t\t>\n\t\t\t\t\t\t<div class=\"bz-gallery-item\">\n\t\t\t\t<img\n\t\t\t\t\tsrc=\"https:\/\/berlinzusammen.de\/wp-content\/uploads\/2026\/03\/BZ-Anab-2026-3-834-Cut-scaled.jpg\"\n\t\t\t\t\talt=\"\"\n\t\t\t\t\tloading=\"lazy\"\n\t\t\t\t\/>\n\t\t\t\t\t\t\t\t<div class=\"bz-gallery-overlay\" aria-hidden=\"true\">\n\t\t\t\t\t<p class=\"bz-gallery-caption\">\u0410\u043d\u0430\u0431<br \/>\nSabine<\/p>\n\t\t\t\t<\/div>\n\t\t\t\t\t\t\t<\/div>\n\t\t\t\t\t\t<div class=\"bz-gallery-item\">\n\t\t\t\t<img\n\t\t\t\t\tsrc=\"https:\/\/berlinzusammen.de\/wp-content\/uploads\/2026\/03\/BerlinZu-Raphael-Verena-Cut-scaled.jpg\"\n\t\t\t\t\talt=\"\"\n\t\t\t\t\tloading=\"lazy\"\n\t\t\t\t\/>\n\t\t\t\t\t\t\t\t<div class=\"bz-gallery-overlay\" aria-hidden=\"true\">\n\t\t\t\t\t<p class=\"bz-gallery-caption\">\u0420\u0430\u0444\u0430\u0435\u043b<br \/>\n\u0412\u0435\u0440\u0435\u043d\u0430<\/p>\n\t\t\t\t<\/div>\n\t\t\t\t\t\t\t<\/div>\n\t\t\t\t\t\t<div class=\"bz-gallery-item\">\n\t\t\t\t<img\n\t\t\t\t\tsrc=\"https:\/\/berlinzusammen.de\/wp-content\/uploads\/2026\/03\/BerlinZu-Lisa-Bob-2-Cut-scaled.jpg\"\n\t\t\t\t\talt=\"\"\n\t\t\t\t\tloading=\"lazy\"\n\t\t\t\t\/>\n\t\t\t\t\t\t\t\t<div class=\"bz-gallery-overlay\" aria-hidden=\"true\">\n\t\t\t\t\t<p class=\"bz-gallery-caption\">\u0411\u043e\u0431<br \/>\n\u041b\u0438\u0437\u0430<\/p>\n\t\t\t\t<\/div>\n\t\t\t\t\t\t\t<\/div>\n\t\t\t\t\t\t<div class=\"bz-gallery-item\">\n\t\t\t\t<img\n\t\t\t\t\tsrc=\"https:\/\/berlinzusammen.de\/wp-content\/uploads\/2026\/03\/BerlinZu-Lena-Kalle-Cut-scaled.jpg\"\n\t\t\t\t\talt=\"\"\n\t\t\t\t\tloading=\"lazy\"\n\t\t\t\t\/>\n\t\t\t\t\t\t\t\t<div class=\"bz-gallery-overlay\" aria-hidden=\"true\">\n\t\t\t\t\t<p class=\"bz-gallery-caption\">\u041b\u0435\u043d\u0430<br \/>\n\u041a\u0430\u043b\u0435<\/p>\n\t\t\t\t<\/div>\n\t\t\t\t\t\t\t<\/div>\n\t\t\t\t\t\t<div class=\"bz-gallery-item\">\n\t\t\t\t<img\n\t\t\t\t\tsrc=\"https:\/\/berlinzusammen.de\/wp-content\/uploads\/2026\/03\/BerlinZu-Kessy-Stephan-Cut-scaled.jpg\"\n\t\t\t\t\talt=\"\"\n\t\t\t\t\tloading=\"lazy\"\n\t\t\t\t\/>\n\t\t\t\t\t\t\t\t<div class=\"bz-gallery-overlay\" aria-hidden=\"true\">\n\t\t\t\t\t<p class=\"bz-gallery-caption\">Kessy<br \/>\n\u0421\u0442\u0435\u0444\u0430\u043d<\/p>\n\t\t\t\t<\/div>\n\t\t\t\t\t\t\t<\/div>\n\t\t\t\t\t\t<div class=\"bz-gallery-item\">\n\t\t\t\t<img\n\t\t\t\t\tsrc=\"https:\/\/berlinzusammen.de\/wp-content\/uploads\/2026\/03\/BerlinZu-Jess-Katha-Cut-scaled.jpg\"\n\t\t\t\t\talt=\"\"\n\t\t\t\t\tloading=\"lazy\"\n\t\t\t\t\/>\n\t\t\t\t\t\t\t\t<div class=\"bz-gallery-overlay\" aria-hidden=\"true\">\n\t\t\t\t\t<p class=\"bz-gallery-caption\">\u0414\u0436\u0435\u0441<br \/>\n\u041a\u0430\u0442\u0440\u0438\u043d<\/p>\n\t\t\t\t<\/div>\n\t\t\t\t\t\t\t<\/div>\n\t\t\t\t\t\t<div class=\"bz-gallery-item\">\n\t\t\t\t<img\n\t\t\t\t\tsrc=\"https:\/\/berlinzusammen.de\/wp-content\/uploads\/2026\/03\/BerlinZu-Jacque-Edgar-Cut-scaled.jpg\"\n\t\t\t\t\talt=\"\"\n\t\t\t\t\tloading=\"lazy\"\n\t\t\t\t\/>\n\t\t\t\t\t\t\t\t<div class=\"bz-gallery-overlay\" aria-hidden=\"true\">\n\t\t\t\t\t<p class=\"bz-gallery-caption\">\u0415\u0434\u0433\u0430\u0440<br \/>\n\u0416\u0430\u043a<\/p>\n\t\t\t\t<\/div>\n\t\t\t\t\t\t\t<\/div>\n\t\t\t\t\t\t<div class=\"bz-gallery-item\">\n\t\t\t\t<img\n\t\t\t\t\tsrc=\"https:\/\/berlinzusammen.de\/wp-content\/uploads\/2026\/03\/BerlinZu-Ceren-Sabine-Cut-scaled.jpg\"\n\t\t\t\t\talt=\"\"\n\t\t\t\t\tloading=\"lazy\"\n\t\t\t\t\/>\n\t\t\t\t\t\t\t\t<div class=\"bz-gallery-overlay\" aria-hidden=\"true\">\n\t\t\t\t\t<p class=\"bz-gallery-caption\">Sabine<br \/>\nCeren<\/p>\n\t\t\t\t<\/div>\n\t\t\t\t\t\t\t<\/div>\n\t\t\t\t\t\t<div class=\"bz-gallery-item bz-gallery-item--more\" aria-hidden=\"true\">\n\t\t\t\t<span>\u0418 \u043e\u0449\u0435 \u043c\u043d\u043e\u0433\u043e \u0434\u0440\u0443\u0433\u0438...<\/span>\n\t\t\t<\/div>\n\t\t<\/div>\n\t<\/div>\n<\/div>","protected":false},"excerpt":{"rendered":"<p>Das sind wir Die Menschen hinter BerlinZusammen.&nbsp; Uns verbindet die Vorstellung eines Berlins, in dem alle Menschen gut leben k\u00f6nnen \u2013 solidarisch, demokratisch und mit echter Mitsprache \u00fcber die Zukunft der Stadt. Wir sind eine zivilgesellschaftliche Kampagne und Plattform, die die Ver\u00e4nderungsw\u00fcnsche der Stadtgesellschaft kraftvoll an die Politik herantr\u00e4gt. Einige von uns sind seit Jahren [&hellip;]<\/p>\n","protected":false},"author":1,"featured_media":0,"parent":0,"menu_order":0,"comment_status":"closed","ping_status":"closed","template":"","meta":{"_acf_changed":false,"footnotes":""},"class_list":["post-51","page","type-page","status-publish","hentry"],"acf":[],"_links":{"self":[{"href":"https:\/\/berlinzusammen.de\/bg\/wp-json\/wp\/v2\/pages\/51","targetHints":{"allow":["GET"]}}],"collection":[{"href":"https:\/\/berlinzusammen.de\/bg\/wp-json\/wp\/v2\/pages"}],"about":[{"href":"https:\/\/berlinzusammen.de\/bg\/wp-json\/wp\/v2\/types\/page"}],"author":[{"embeddable":true,"href":"https:\/\/berlinzusammen.de\/bg\/wp-json\/wp\/v2\/users\/1"}],"replies":[{"embeddable":true,"href":"https:\/\/berlinzusammen.de\/bg\/wp-json\/wp\/v2\/comments?post=51"}],"version-history":[{"count":6,"href":"https:\/\/berlinzusammen.de\/bg\/wp-json\/wp\/v2\/pages\/51\/revisions"}],"predecessor-version":[{"id":318,"href":"https:\/\/berlinzusammen.de\/bg\/wp-json\/wp\/v2\/pages\/51\/revisions\/318"}],"wp:attachment":[{"href":"https:\/\/berlinzusammen.de\/bg\/wp-json\/wp\/v2\/media?parent=51"}],"curies":[{"name":"wp","href":"https:\/\/api.w.org\/{rel}","templated":true}]}}