{"id":45,"date":"2026-03-04T13:18:30","date_gmt":"2026-03-04T12:18:30","guid":{"rendered":"https:\/\/berlinzusammen.de\/?page_id=45"},"modified":"2026-03-09T08:03:00","modified_gmt":"2026-03-09T07:03:00","slug":"impressum","status":"publish","type":"page","link":"https:\/\/berlinzusammen.de\/en\/impressum\/","title":{"rendered":"Imprint"},"content":{"rendered":"<div class=\"wp-block-group is-vertical is-layout-flex wp-container-core-group-is-layout-c35747d5 wp-block-group-is-layout-flex\"><h2 class=\"wp-block-post-title\">Imprint<\/h2>\n\n\n<h4 class=\"wp-block-heading\">Mailing address<\/h4>\n\n\n\n<p>BerlinZusammen e.V.<br>Audre Lorde Street 26<br>10997 Berlin<br>Germany<\/p>\n\n\n\n<h4 class=\"wp-block-heading\">Press contact<\/h4>\n\n\n\n<p>E-Mail: presse (at) berlinzusammen.de<\/p>\n\n\n\n<h4 class=\"wp-block-heading\">Liability for content<\/h4>\n\n\n\n<p>The content of our pages has been compiled with the greatest care. However, we cannot guarantee the accuracy, completeness, and timeliness of the content. As a service provider, we are responsible for our own content on these pages according to the general laws in accordance with \u00a7 7 (1) of the German Telemedia Act (TMG). However, according to \u00a7\u00a7 8 to 10 of the TMG, we are not obligated as a service provider to monitor transmitted or stored third-party information or to investigate circumstances that indicate illegal activity. Obligations to remove or block the use of information under general law remain unaffected. However, liability in this regard is only possible from the point in time when a specific legal infringement becomes known. As soon as we become aware of relevant infringements, we will remove this content immediately.<\/p>\n\n\n\n<h4 class=\"wp-block-heading\">Liability for links<\/h4>\n\n\n\n<p>Our offer contains links to external websites of third parties, over whose content we have no influence. Therefore, we cannot assume any liability for this external content. The respective provider or operator of the linked pages is always responsible for the content of the linked pages. The linked pages were checked for possible legal violations at the time of linking. Illegal content was not apparent at the time of linking. However, permanent content monitoring of the linked pages is not feasible without concrete evidence of a legal violation. As soon as we become aware of legal infringements, we will remove such links immediately.<\/p>\n\n\n\n<h4 class=\"wp-block-heading\">Copyright<\/h4>\n\n\n\n<p>The content and works created by the site operators on these pages are subject to German copyright law. Duplication, processing, distribution, and any type of use outside the limits of copyright law require the written consent of the respective author or creator. Downloads and copies of this page are only permitted for private, non-commercial use. To the extent that the content on this page was not created by the operator, the copyrights of third parties will be respected. In particular, third-party content will be indicated as such. Should you nevertheless become aware of a copyright infringement, we ask for a corresponding notification. Upon notification of infringements, we will remove such content immediately.<\/p>\n<\/div>","protected":false},"excerpt":{"rendered":"<p>Postanschrift BerlinZusammen e.V.Audre-Lorde-Str. 2610997 BerlinDeutschland Pressekontakt E-Mail: presse (at) berlinzusammen.de Haftung f\u00fcr Inhalte Die Inhalte unserer Seiten wurden mit gr\u00f6\u00dfter Sorgfalt erstellt. F\u00fcr die Richtigkeit, Vollst\u00e4ndigkeit und Aktualit\u00e4t der Inhalte k\u00f6nnen wir jedoch keine Gew\u00e4hr \u00fcbernehmen. Als Diensteanbieter sind wir gem\u00e4\u00df \u00a7 7 Abs.1 TMG f\u00fcr eigene Inhalte auf diesen Seiten nach den allgemeinen Gesetzen [&hellip;]<\/p>\n","protected":false},"author":1,"featured_media":0,"parent":0,"menu_order":0,"comment_status":"closed","ping_status":"closed","template":"","meta":{"_acf_changed":false,"footnotes":""},"class_list":["post-45","page","type-page","status-publish","hentry"],"acf":[],"_links":{"self":[{"href":"https:\/\/berlinzusammen.de\/en\/wp-json\/wp\/v2\/pages\/45","targetHints":{"allow":["GET"]}}],"collection":[{"href":"https:\/\/berlinzusammen.de\/en\/wp-json\/wp\/v2\/pages"}],"about":[{"href":"https:\/\/berlinzusammen.de\/en\/wp-json\/wp\/v2\/types\/page"}],"author":[{"embeddable":true,"href":"https:\/\/berlinzusammen.de\/en\/wp-json\/wp\/v2\/users\/1"}],"replies":[{"embeddable":true,"href":"https:\/\/berlinzusammen.de\/en\/wp-json\/wp\/v2\/comments?post=45"}],"version-history":[{"count":0,"href":"https:\/\/berlinzusammen.de\/en\/wp-json\/wp\/v2\/pages\/45\/revisions"}],"wp:attachment":[{"href":"https:\/\/berlinzusammen.de\/en\/wp-json\/wp\/v2\/media?parent=45"}],"curies":[{"name":"wp","href":"https:\/\/api.w.org\/{rel}","templated":true}]}}