{"id":45,"date":"2026-03-04T13:18:30","date_gmt":"2026-03-04T12:18:30","guid":{"rendered":"https:\/\/berlinzusammen.de\/?page_id=45"},"modified":"2026-03-09T08:03:00","modified_gmt":"2026-03-09T07:03:00","slug":"impressum","status":"publish","type":"page","link":"https:\/\/berlinzusammen.de\/es\/impressum\/","title":{"rendered":"Pie de imprenta"},"content":{"rendered":"<div class=\"wp-block-group is-vertical is-layout-flex wp-container-core-group-is-layout-c35747d5 wp-block-group-is-layout-flex\"><h2 class=\"wp-block-post-title\">Pie de imprenta<\/h2>\n\n\n<h4 class=\"wp-block-heading\">Direcci\u00f3n postal<\/h4>\n\n\n\n<p>BerlinZusammen e.V.<br>Calle Audre Lorde 26<br>10997 Berl\u00edn<br>Alemania<\/p>\n\n\n\n<h4 class=\"wp-block-heading\">Contacto de prensa<\/h4>\n\n\n\n<p>Correo electr\u00f3nico: presse (arroba) berlinzusammen.de<\/p>\n\n\n\n<h4 class=\"wp-block-heading\">Responsabilidad por el contenido<\/h4>\n\n\n\n<p>Los contenidos de nuestras p\u00e1ginas han sido elaborados con el m\u00e1ximo cuidado. Sin embargo, no podemos garantizar la exactitud, integridad y actualidad de los contenidos. Como proveedor de servicios, somos responsables de nuestros propios contenidos en estas p\u00e1ginas de acuerdo con las leyes generales, seg\u00fan el \u00a7 7, apartado 1, de la Ley de Servicios de Telecomunicaciones (TMG). Seg\u00fan los \u00a7\u00a7 8 a 10 de la TMG, como proveedor de servicios, sin embargo, no estamos obligados a supervisar informaci\u00f3n de terceros transmitida o almacenada ni a investigar circunstancias que indiquen una actividad ilegal. Las obligaciones de eliminar o bloquear el uso de la informaci\u00f3n seg\u00fan las leyes generales no se ven afectadas por ello. Sin embargo, una responsabilidad a este respecto solo es posible a partir del momento en que se tenga conocimiento de una infracci\u00f3n legal concreta. Tan pronto como tengamos conocimiento de infracciones legales correspondientes, eliminaremos dichos contenidos de inmediato.<\/p>\n\n\n\n<h4 class=\"wp-block-heading\">Responsabilidad por enlaces<\/h4>\n\n\n\n<p>Nuestra oferta incluye enlaces a sitios web externos de terceros, sobre cuyos contenidos no tenemos ninguna influencia. Por ello, tampoco podemos asumir ninguna responsabilidad por estos contenidos externos. Por los contenidos de las p\u00e1ginas enlazadas, el respectivo proveedor u operador de las p\u00e1ginas es siempre responsable. Las p\u00e1ginas enlazadas fueron revisadas en busca de posibles infracciones legales en el momento de enlazarlas. En el momento de enlazarlas, no se detectaron contenidos ilegales. Sin embargo, un control permanente del contenido de las p\u00e1ginas enlazadas no es razonable sin indicios concretos de una infracci\u00f3n legal. En cuanto tengamos conocimiento de infracciones legales, eliminaremos inmediatamente dichos enlaces.<\/p>\n\n\n\n<h4 class=\"wp-block-heading\">Derechos de autor<\/h4>\n\n\n\n<p>Los contenidos y obras creados por los operadores del sitio en estas p\u00e1ginas est\u00e1n sujetos a la legislaci\u00f3n alemana sobre derechos de autor. La reproducci\u00f3n, el procesamiento, la distribuci\u00f3n y cualquier tipo de explotaci\u00f3n fuera de los l\u00edmites de los derechos de autor requieren el consentimiento por escrito del autor o creador respectivo. Las descargas y copias de esta p\u00e1gina solo se permiten para uso privado y no comercial. En la medida en que los contenidos de esta p\u00e1gina no hayan sido creados por el operador, se respetar\u00e1n los derechos de autor de terceros. En particular, los contenidos de terceros se identificar\u00e1n como tales. Si aun as\u00ed se percata de una infracci\u00f3n de derechos de autor, le rogamos que nos lo indique. Tan pronto como tengamos conocimiento de infracciones, eliminaremos dichos contenidos de inmediato.<\/p>\n<\/div>","protected":false},"excerpt":{"rendered":"<p>Postanschrift BerlinZusammen e.V.Audre-Lorde-Str. 2610997 BerlinDeutschland Pressekontakt E-Mail: presse (at) berlinzusammen.de Haftung f\u00fcr Inhalte Die Inhalte unserer Seiten wurden mit gr\u00f6\u00dfter Sorgfalt erstellt. F\u00fcr die Richtigkeit, Vollst\u00e4ndigkeit und Aktualit\u00e4t der Inhalte k\u00f6nnen wir jedoch keine Gew\u00e4hr \u00fcbernehmen. Als Diensteanbieter sind wir gem\u00e4\u00df \u00a7 7 Abs.1 TMG f\u00fcr eigene Inhalte auf diesen Seiten nach den allgemeinen Gesetzen [&hellip;]<\/p>\n","protected":false},"author":1,"featured_media":0,"parent":0,"menu_order":0,"comment_status":"closed","ping_status":"closed","template":"","meta":{"_acf_changed":false,"footnotes":""},"class_list":["post-45","page","type-page","status-publish","hentry"],"acf":[],"_links":{"self":[{"href":"https:\/\/berlinzusammen.de\/es\/wp-json\/wp\/v2\/pages\/45","targetHints":{"allow":["GET"]}}],"collection":[{"href":"https:\/\/berlinzusammen.de\/es\/wp-json\/wp\/v2\/pages"}],"about":[{"href":"https:\/\/berlinzusammen.de\/es\/wp-json\/wp\/v2\/types\/page"}],"author":[{"embeddable":true,"href":"https:\/\/berlinzusammen.de\/es\/wp-json\/wp\/v2\/users\/1"}],"replies":[{"embeddable":true,"href":"https:\/\/berlinzusammen.de\/es\/wp-json\/wp\/v2\/comments?post=45"}],"version-history":[{"count":0,"href":"https:\/\/berlinzusammen.de\/es\/wp-json\/wp\/v2\/pages\/45\/revisions"}],"wp:attachment":[{"href":"https:\/\/berlinzusammen.de\/es\/wp-json\/wp\/v2\/media?parent=45"}],"curies":[{"name":"wp","href":"https:\/\/api.w.org\/{rel}","templated":true}]}}