{"id":51,"date":"2026-03-04T13:19:36","date_gmt":"2026-03-04T12:19:36","guid":{"rendered":"https:\/\/berlinzusammen.de\/?page_id=51"},"modified":"2026-04-13T19:36:43","modified_gmt":"2026-04-13T17:36:43","slug":"das-sind-wir","status":"publish","type":"page","link":"https:\/\/berlinzusammen.de\/fa\/das-sind-wir\/","title":{"rendered":"\u0627\u06cc\u0646 \u0645\u0627 \u0647\u0633\u062a\u06cc\u0645"},"content":{"rendered":"<div class=\"wp-block-group alignfull bz-section bz-section--green has-contrast-background-color has-background has-global-padding is-content-justification-left is-layout-constrained wp-container-core-group-is-layout-532a9852 wp-block-group-is-layout-constrained\" style=\"padding-top:var(--wp--preset--spacing--80);padding-right:var(--wp--preset--spacing--60);padding-bottom:var(--wp--preset--spacing--80);padding-left:var(--wp--preset--spacing--60)\">\n<div class=\"wp-block-columns is-layout-flex wp-container-core-columns-is-layout-a9574bfe wp-block-columns-is-layout-flex\" style=\"margin-top:0;margin-bottom:0\">\n<div class=\"wp-block-column is-vertically-aligned-top is-layout-flow wp-block-column-is-layout-flow\" style=\"flex-basis:250px\">\n<div class=\"blob-bubble bg-green\">\n  <span class=\"blob-bubble__text bg-green\">\u0627\u06cc\u0646 \u0645\u0627 \u0647\u0633\u062a\u06cc\u0645<\/span>\n<\/div>\n<\/div>\n\n\n\n<div class=\"wp-block-column is-vertically-aligned-center is-layout-flow wp-container-core-column-is-layout-f5bb311e wp-block-column-is-layout-flow\">\n<h2 class=\"wp-block-heading has-base-color has-text-color has-link-color has-2-xl-font-size wp-elements-3cdf2e61e4e9537a90b1ffcc1c2f13a0\">\u0627\u0641\u0631\u0627\u062f \u067e\u0634\u062a \u0633\u0631 \u0628\u0631\u0644\u06cc\u0646\u200c\u0632\u0627\u0645\u0646.&nbsp;<\/h2>\n\n\n\n<p class=\"has-base-color has-text-color has-link-color wp-elements-51e015e85b08cbd660a2d82c6b6330eb\">\u0645\u0627 \u0628\u0627 \u0686\u0634\u0645\u200c\u0627\u0646\u062f\u0627\u0632\u06cc \u0627\u0632 \u0628\u0631\u0644\u06cc\u0646\u06cc \u06a9\u0647 \u062f\u0631 \u0622\u0646 \u0647\u0645\u0647 \u0628\u062a\u0648\u0627\u0646\u0646\u062f \u0628\u0647\u200c\u062e\u0648\u0628\u06cc \u0632\u0646\u062f\u06af\u06cc \u06a9\u0646\u0646\u062f \u2013 \u062f\u0631 \u0631\u0648\u062d\u06cc\u0647\u200c\u0627\u06cc \u0627\u0632 \u0647\u0645\u0628\u0633\u062a\u06af\u06cc\u060c \u062f\u0645\u0648\u06a9\u0631\u0627\u0633\u06cc \u0648 \u0628\u0627 \u062d\u0642 \u0648\u0627\u0642\u0639\u06cc \u062f\u0631 \u062a\u0639\u06cc\u06cc\u0646 \u0622\u06cc\u0646\u062f\u0647\u200c\u06cc \u0634\u0647\u0631 \u2013 \u0645\u062a\u062d\u062f \u0647\u0633\u062a\u06cc\u0645. \u0645\u0627 \u06cc\u06a9 \u06a9\u0645\u067e\u06cc\u0646 \u0648 \u067e\u0644\u062a\u0641\u0631\u0645 \u062c\u0627\u0645\u0639\u0647\u200c\u06cc \u0645\u062f\u0646\u06cc \u0647\u0633\u062a\u06cc\u0645 \u06a9\u0647 \u0628\u0627 \u0634\u0648\u0631 \u0648 \u0634\u0648\u0642 \u0622\u0631\u0645\u0627\u0646\u200c\u0647\u0627\u06cc \u062c\u0627\u0645\u0639\u0647\u200c\u06cc \u0634\u0647\u0631\u06cc \u0628\u0631\u0627\u06cc \u062a\u063a\u06cc\u06cc\u0631 \u0631\u0627 \u0628\u0647 \u0639\u0631\u0635\u0647\u200c\u06cc \u0633\u06cc\u0627\u0633\u06cc \u0645\u0646\u062a\u0642\u0644 \u0645\u06cc\u200c\u06a9\u0646\u062f.<\/p>\n\n\n\n<p class=\"has-base-color has-text-color has-link-color wp-elements-a426ebb5207422821baf8cd24d372a41\">\u0628\u0631\u062e\u06cc \u0627\u0632 \u0645\u0627 \u0633\u0627\u0644\u200c\u0647\u0627\u0633\u062a \u06a9\u0647 \u062f\u0631 \u062c\u0646\u0628\u0634\u200c\u0647\u0627\u06cc \u0627\u062c\u062a\u0645\u0627\u0639\u06cc \u0641\u0639\u0627\u0644 \u0628\u0648\u062f\u0647\u200c\u0627\u06cc\u0645. \u0628\u0631\u062e\u06cc \u062f\u06cc\u06af\u0631 \u0628\u0631\u0627\u06cc \u0627\u0648\u0644\u06cc\u0646 \u0628\u0627\u0631 \u062f\u0631\u06af\u06cc\u0631 \u0645\u06cc\u200c\u0634\u0648\u0646\u062f. \u0645\u0627 \u062e\u0648\u062f \u0631\u0627 \u0628\u0647\u200c\u0639\u0646\u0648\u0627\u0646 \u0633\u06a9\u0648\u06cc\u06cc \u0648 \u0635\u062f\u0627\u06cc\u06cc \u0628\u0631\u0627\u06cc \u0628\u0633\u06cc\u0627\u0631\u06cc \u0627\u0632 \u0627\u0628\u062a\u06a9\u0627\u0631\u0627\u062a \u0642\u062f\u0631\u062a\u0645\u0646\u062f \u0645\u06cc\u200c\u062f\u0627\u0646\u06cc\u0645 \u06a9\u0647 \u0647\u0645\u200c\u0627\u06a9\u0646\u0648\u0646 \u0628\u0631\u0627\u06cc \u0627\u06cc\u062c\u0627\u062f \u062a\u063a\u06cc\u06cc\u0631 \u0633\u06cc\u0627\u0633\u06cc \u06a9\u0647 \u0645\u0631\u062f\u0645 \u0627\u06cc\u0646 \u0634\u0647\u0631 \u0631\u0627 \u062f\u0631 \u0627\u0648\u0644\u0648\u06cc\u062a \u0642\u0631\u0627\u0631 \u0645\u06cc\u200c\u062f\u0647\u062f\u060c \u06a9\u0645\u067e\u06cc\u0646 \u0645\u06cc\u200c\u06a9\u0646\u0646\u062f. \u0648 \u0645\u0627 \u0646\u0642\u0637\u0647\u200c\u062a\u0645\u0627\u0633\u06cc \u0628\u0631\u0627\u06cc \u06a9\u0633\u0627\u0646\u06cc \u0647\u0633\u062a\u06cc\u0645 \u06a9\u0647 \u067e\u06cc\u0634\u200c\u062a\u0631 \u0641\u0639\u0627\u0644 \u0646\u0628\u0648\u062f\u0647\u200c\u0627\u0646\u062f \u0627\u0645\u0627 \u0627\u06a9\u0646\u0648\u0646 \u0641\u0631\u0635\u062a\u06cc \u0628\u0631\u0627\u06cc \u06a9\u0645\u06a9 \u0628\u0647 \u0634\u06a9\u0644\u200c\u062f\u0647\u06cc \u0622\u06cc\u0646\u062f\u0647 \u0628\u0631\u0644\u06cc\u0646 \u0645\u06cc\u200c\u0628\u06cc\u0646\u0646\u062f.<\/p>\n\n\n\n<p class=\"has-base-color has-text-color has-link-color wp-elements-c1c42b6c451c352128e77866f47a6445\">\ud83d\udc9a \u0645\u0627 \u0627\u0632 \u0647\u0631 \u06a9\u0633\u06cc \u06a9\u0647 \u0628\u0627 \u062f\u06cc\u062f\u06af\u0627\u0647 \u0645\u0627 \u0628\u0631\u0627\u06cc \u0634\u0647\u0631\u06cc \u0645\u0628\u062a\u0646\u06cc \u0628\u0631 \u0647\u0645\u0628\u0633\u062a\u06af\u06cc \u0647\u0645\u200c\u0639\u0642\u06cc\u062f\u0647 \u0627\u0633\u062a\u060c \u0627\u0633\u062a\u0642\u0628\u0627\u0644 \u0645\u06cc\u200c\u06a9\u0646\u06cc\u0645 \u2013 \u0686\u0647 \u062a\u062c\u0631\u0628\u0647 \u0633\u06cc\u0627\u0633\u06cc \u062f\u0627\u0634\u062a\u0647 \u0628\u0627\u0634\u062f \u0686\u0647 \u0646\u062f\u0627\u0634\u062a\u0647 \u0628\u0627\u0634\u062f.<\/p>\n<\/div>\n<\/div>\n<\/div>\n\n\n\n<div class=\"wp-block-group has-global-padding is-layout-constrained wp-container-core-group-is-layout-c385debf wp-block-group-is-layout-constrained\" style=\"padding-top:var(--wp--preset--spacing--20);padding-right:var(--wp--preset--spacing--20);padding-bottom:var(--wp--preset--spacing--20);padding-left:var(--wp--preset--spacing--20)\"><div class=\"bz-image-gallery wp-block-berlinzusammen-image-gallery\">\n\t\t\t<div\n\t\t\tclass=\"bz-gallery-grid\"\n\t\t\tstyle=\"--bz-gallery-columns: 3;\"\n\t\t>\n\t\t\t\t\t\t<div class=\"bz-gallery-item\">\n\t\t\t\t<img\n\t\t\t\t\tsrc=\"https:\/\/berlinzusammen.de\/wp-content\/uploads\/2026\/03\/BZ-Anab-2026-3-834-Cut-scaled.jpg\"\n\t\t\t\t\talt=\"\"\n\t\t\t\t\tloading=\"lazy\"\n\t\t\t\t\/>\n\t\t\t\t\t\t\t\t<div class=\"bz-gallery-overlay\" aria-hidden=\"true\">\n\t\t\t\t\t<p class=\"bz-gallery-caption\">\u0622\u0646\u0627<br \/>\n\u0633\u0627\u0628\u06cc\u0646<\/p>\n\t\t\t\t<\/div>\n\t\t\t\t\t\t\t<\/div>\n\t\t\t\t\t\t<div class=\"bz-gallery-item\">\n\t\t\t\t<img\n\t\t\t\t\tsrc=\"https:\/\/berlinzusammen.de\/wp-content\/uploads\/2026\/03\/BerlinZu-Raphael-Verena-Cut-scaled.jpg\"\n\t\t\t\t\talt=\"\"\n\t\t\t\t\tloading=\"lazy\"\n\t\t\t\t\/>\n\t\t\t\t\t\t\t\t<div class=\"bz-gallery-overlay\" aria-hidden=\"true\">\n\t\t\t\t\t<p class=\"bz-gallery-caption\">\u0631\u0627\u0641\u0627\u0626\u0644<br \/>\n\u0648\u0631\u0646\u0627<\/p>\n\t\t\t\t<\/div>\n\t\t\t\t\t\t\t<\/div>\n\t\t\t\t\t\t<div class=\"bz-gallery-item\">\n\t\t\t\t<img\n\t\t\t\t\tsrc=\"https:\/\/berlinzusammen.de\/wp-content\/uploads\/2026\/03\/BerlinZu-Lisa-Bob-2-Cut-scaled.jpg\"\n\t\t\t\t\talt=\"\"\n\t\t\t\t\tloading=\"lazy\"\n\t\t\t\t\/>\n\t\t\t\t\t\t\t\t<div class=\"bz-gallery-overlay\" aria-hidden=\"true\">\n\t\t\t\t\t<p class=\"bz-gallery-caption\">\u0628\u0627\u0628<br \/>\n\u0644\u06cc\u0632\u0627<\/p>\n\t\t\t\t<\/div>\n\t\t\t\t\t\t\t<\/div>\n\t\t\t\t\t\t<div class=\"bz-gallery-item\">\n\t\t\t\t<img\n\t\t\t\t\tsrc=\"https:\/\/berlinzusammen.de\/wp-content\/uploads\/2026\/03\/BerlinZu-Lena-Kalle-Cut-scaled.jpg\"\n\t\t\t\t\talt=\"\"\n\t\t\t\t\tloading=\"lazy\"\n\t\t\t\t\/>\n\t\t\t\t\t\t\t\t<div class=\"bz-gallery-overlay\" aria-hidden=\"true\">\n\t\t\t\t\t<p class=\"bz-gallery-caption\">\u0644\u0646\u0627<br \/>\n\u06a9\u0627\u0644\u0647<\/p>\n\t\t\t\t<\/div>\n\t\t\t\t\t\t\t<\/div>\n\t\t\t\t\t\t<div class=\"bz-gallery-item\">\n\t\t\t\t<img\n\t\t\t\t\tsrc=\"https:\/\/berlinzusammen.de\/wp-content\/uploads\/2026\/03\/BerlinZu-Kessy-Stephan-Cut-scaled.jpg\"\n\t\t\t\t\talt=\"\"\n\t\t\t\t\tloading=\"lazy\"\n\t\t\t\t\/>\n\t\t\t\t\t\t\t\t<div class=\"bz-gallery-overlay\" aria-hidden=\"true\">\n\t\t\t\t\t<p class=\"bz-gallery-caption\">\u06a9\u06cc\u0633\u06cc<br \/>\n\u0627\u0633\u062a\u0641\u0627\u0646<\/p>\n\t\t\t\t<\/div>\n\t\t\t\t\t\t\t<\/div>\n\t\t\t\t\t\t<div class=\"bz-gallery-item\">\n\t\t\t\t<img\n\t\t\t\t\tsrc=\"https:\/\/berlinzusammen.de\/wp-content\/uploads\/2026\/03\/BerlinZu-Jess-Katha-Cut-scaled.jpg\"\n\t\t\t\t\talt=\"\"\n\t\t\t\t\tloading=\"lazy\"\n\t\t\t\t\/>\n\t\t\t\t\t\t\t\t<div class=\"bz-gallery-overlay\" aria-hidden=\"true\">\n\t\t\t\t\t<p class=\"bz-gallery-caption\">\u062c\u0633<br \/>\n\u06a9\u0627\u062a\u0631\u06cc\u0646\u0627<\/p>\n\t\t\t\t<\/div>\n\t\t\t\t\t\t\t<\/div>\n\t\t\t\t\t\t<div class=\"bz-gallery-item\">\n\t\t\t\t<img\n\t\t\t\t\tsrc=\"https:\/\/berlinzusammen.de\/wp-content\/uploads\/2026\/03\/BerlinZu-Jacque-Edgar-Cut-scaled.jpg\"\n\t\t\t\t\talt=\"\"\n\t\t\t\t\tloading=\"lazy\"\n\t\t\t\t\/>\n\t\t\t\t\t\t\t\t<div class=\"bz-gallery-overlay\" aria-hidden=\"true\">\n\t\t\t\t\t<p class=\"bz-gallery-caption\">\u0627\u062f\u06af\u0627\u0631<br \/>\n\u0698\u0627\u06a9<\/p>\n\t\t\t\t<\/div>\n\t\t\t\t\t\t\t<\/div>\n\t\t\t\t\t\t<div class=\"bz-gallery-item\">\n\t\t\t\t<img\n\t\t\t\t\tsrc=\"https:\/\/berlinzusammen.de\/wp-content\/uploads\/2026\/03\/BerlinZu-Ceren-Sabine-Cut-scaled.jpg\"\n\t\t\t\t\talt=\"\"\n\t\t\t\t\tloading=\"lazy\"\n\t\t\t\t\/>\n\t\t\t\t\t\t\t\t<div class=\"bz-gallery-overlay\" aria-hidden=\"true\">\n\t\t\t\t\t<p class=\"bz-gallery-caption\">\u0633\u0627\u0628\u06cc\u0646<br \/>\n\u0633\u0650\u0631\u0646<\/p>\n\t\t\t\t<\/div>\n\t\t\t\t\t\t\t<\/div>\n\t\t\t\t\t\t<div class=\"bz-gallery-item bz-gallery-item--more\" aria-hidden=\"true\">\n\t\t\t\t<span>\u0648 \u0628\u0633\u06cc\u0627\u0631\u06cc \u062f\u06cc\u06af\u0631 \u2026<\/span>\n\t\t\t<\/div>\n\t\t<\/div>\n\t<\/div>\n<\/div>","protected":false},"excerpt":{"rendered":"<p>Das sind wir Die Menschen hinter BerlinZusammen.&nbsp; Uns verbindet die Vorstellung eines Berlins, in dem alle Menschen gut leben k\u00f6nnen \u2013 solidarisch, demokratisch und mit echter Mitsprache \u00fcber die Zukunft der Stadt. Wir sind eine zivilgesellschaftliche Kampagne und Plattform, die die Ver\u00e4nderungsw\u00fcnsche der Stadtgesellschaft kraftvoll an die Politik herantr\u00e4gt. Einige von uns sind seit Jahren [&hellip;]<\/p>\n","protected":false},"author":1,"featured_media":0,"parent":0,"menu_order":0,"comment_status":"closed","ping_status":"closed","template":"","meta":{"_acf_changed":false,"footnotes":""},"class_list":["post-51","page","type-page","status-publish","hentry"],"acf":[],"_links":{"self":[{"href":"https:\/\/berlinzusammen.de\/fa\/wp-json\/wp\/v2\/pages\/51","targetHints":{"allow":["GET"]}}],"collection":[{"href":"https:\/\/berlinzusammen.de\/fa\/wp-json\/wp\/v2\/pages"}],"about":[{"href":"https:\/\/berlinzusammen.de\/fa\/wp-json\/wp\/v2\/types\/page"}],"author":[{"embeddable":true,"href":"https:\/\/berlinzusammen.de\/fa\/wp-json\/wp\/v2\/users\/1"}],"replies":[{"embeddable":true,"href":"https:\/\/berlinzusammen.de\/fa\/wp-json\/wp\/v2\/comments?post=51"}],"version-history":[{"count":6,"href":"https:\/\/berlinzusammen.de\/fa\/wp-json\/wp\/v2\/pages\/51\/revisions"}],"predecessor-version":[{"id":318,"href":"https:\/\/berlinzusammen.de\/fa\/wp-json\/wp\/v2\/pages\/51\/revisions\/318"}],"wp:attachment":[{"href":"https:\/\/berlinzusammen.de\/fa\/wp-json\/wp\/v2\/media?parent=51"}],"curies":[{"name":"wp","href":"https:\/\/api.w.org\/{rel}","templated":true}]}}