{"id":51,"date":"2026-03-04T13:19:36","date_gmt":"2026-03-04T12:19:36","guid":{"rendered":"https:\/\/berlinzusammen.de\/?page_id=51"},"modified":"2026-04-13T19:36:43","modified_gmt":"2026-04-13T17:36:43","slug":"das-sind-wir","status":"publish","type":"page","link":"https:\/\/berlinzusammen.de\/fr\/das-sind-wir\/","title":{"rendered":"C'est nous"},"content":{"rendered":"<div class=\"wp-block-group alignfull bz-section bz-section--green has-contrast-background-color has-background has-global-padding is-content-justification-left is-layout-constrained wp-container-core-group-is-layout-532a9852 wp-block-group-is-layout-constrained\" style=\"padding-top:var(--wp--preset--spacing--80);padding-right:var(--wp--preset--spacing--60);padding-bottom:var(--wp--preset--spacing--80);padding-left:var(--wp--preset--spacing--60)\">\n<div class=\"wp-block-columns is-layout-flex wp-container-core-columns-is-layout-a9574bfe wp-block-columns-is-layout-flex\" style=\"margin-top:0;margin-bottom:0\">\n<div class=\"wp-block-column is-vertically-aligned-top is-layout-flow wp-block-column-is-layout-flow\" style=\"flex-basis:250px\">\n<div class=\"blob-bubble bg-green\">\n  <span class=\"blob-bubble__text bg-green\">C'est nous<\/span>\n<\/div>\n<\/div>\n\n\n\n<div class=\"wp-block-column is-vertically-aligned-center is-layout-flow wp-container-core-column-is-layout-f5bb311e wp-block-column-is-layout-flow\">\n<h2 class=\"wp-block-heading has-base-color has-text-color has-link-color has-2-xl-font-size wp-elements-3cdf2e61e4e9537a90b1ffcc1c2f13a0\">Les personnes qui se cachent derri\u00e8re BerlinZusammen.&nbsp;<\/h2>\n\n\n\n<p class=\"has-base-color has-text-color has-link-color wp-elements-51e015e85b08cbd660a2d82c6b6330eb\">Nous sommes unis par l'id\u00e9e d'un Berlin dans lequel tous les habitants peuvent bien vivre - de mani\u00e8re solidaire, d\u00e9mocratique et avec une v\u00e9ritable participation aux d\u00e9cisions concernant l'avenir de la ville. Nous sommes une campagne et une plateforme de la soci\u00e9t\u00e9 civile qui porte avec force les souhaits de changement de la soci\u00e9t\u00e9 urbaine aupr\u00e8s des politiques.<\/p>\n\n\n\n<p class=\"has-base-color has-text-color has-link-color wp-elements-a426ebb5207422821baf8cd24d372a41\">Certains d'entre nous sont actifs dans les mouvements sociaux depuis des ann\u00e9es. D'autres s'engagent pour la premi\u00e8re fois. Nous nous consid\u00e9rons comme une plateforme et un amplificateur des nombreuses initiatives puissantes qui se battent d\u00e9j\u00e0 pour un changement de politique dans l'int\u00e9r\u00eat des habitants de cette ville. Et nous sommes un point de contact pour les personnes qui n'\u00e9taient pas actives jusqu'\u00e0 pr\u00e9sent, mais qui voient maintenant la chance de pouvoir participer \u00e0 l'am\u00e9nagement de Berlin.<\/p>\n\n\n\n<p class=\"has-base-color has-text-color has-link-color wp-elements-c1c42b6c451c352128e77866f47a6445\">\ud83d\udc9a Nous sommes ouverts \u00e0 tous ceux qui partagent le d\u00e9sir d'une ville solidaire, avec ou sans exp\u00e9rience politique.<\/p>\n<\/div>\n<\/div>\n<\/div>\n\n\n\n<div class=\"wp-block-group has-global-padding is-layout-constrained wp-container-core-group-is-layout-c385debf wp-block-group-is-layout-constrained\" style=\"padding-top:var(--wp--preset--spacing--20);padding-right:var(--wp--preset--spacing--20);padding-bottom:var(--wp--preset--spacing--20);padding-left:var(--wp--preset--spacing--20)\"><div class=\"bz-image-gallery wp-block-berlinzusammen-image-gallery\">\n\t\t\t<div\n\t\t\tclass=\"bz-gallery-grid\"\n\t\t\tstyle=\"--bz-gallery-columns: 3;\"\n\t\t>\n\t\t\t\t\t\t<div class=\"bz-gallery-item\">\n\t\t\t\t<img\n\t\t\t\t\tsrc=\"https:\/\/berlinzusammen.de\/wp-content\/uploads\/2026\/03\/BZ-Anab-2026-3-834-Cut-scaled.jpg\"\n\t\t\t\t\talt=\"\"\n\t\t\t\t\tloading=\"lazy\"\n\t\t\t\t\/>\n\t\t\t\t\t\t\t\t<div class=\"bz-gallery-overlay\" aria-hidden=\"true\">\n\t\t\t\t\t<p class=\"bz-gallery-caption\">Anab<br \/>\nSabine<\/p>\n\t\t\t\t<\/div>\n\t\t\t\t\t\t\t<\/div>\n\t\t\t\t\t\t<div class=\"bz-gallery-item\">\n\t\t\t\t<img\n\t\t\t\t\tsrc=\"https:\/\/berlinzusammen.de\/wp-content\/uploads\/2026\/03\/BerlinZu-Raphael-Verena-Cut-scaled.jpg\"\n\t\t\t\t\talt=\"\"\n\t\t\t\t\tloading=\"lazy\"\n\t\t\t\t\/>\n\t\t\t\t\t\t\t\t<div class=\"bz-gallery-overlay\" aria-hidden=\"true\">\n\t\t\t\t\t<p class=\"bz-gallery-caption\">Rapha\u00ebl<br \/>\nV\u00e9r\u00e9nat<\/p>\n\t\t\t\t<\/div>\n\t\t\t\t\t\t\t<\/div>\n\t\t\t\t\t\t<div class=\"bz-gallery-item\">\n\t\t\t\t<img\n\t\t\t\t\tsrc=\"https:\/\/berlinzusammen.de\/wp-content\/uploads\/2026\/03\/BerlinZu-Lisa-Bob-2-Cut-scaled.jpg\"\n\t\t\t\t\talt=\"\"\n\t\t\t\t\tloading=\"lazy\"\n\t\t\t\t\/>\n\t\t\t\t\t\t\t\t<div class=\"bz-gallery-overlay\" aria-hidden=\"true\">\n\t\t\t\t\t<p class=\"bz-gallery-caption\">Bob<br \/>\nLisa<\/p>\n\t\t\t\t<\/div>\n\t\t\t\t\t\t\t<\/div>\n\t\t\t\t\t\t<div class=\"bz-gallery-item\">\n\t\t\t\t<img\n\t\t\t\t\tsrc=\"https:\/\/berlinzusammen.de\/wp-content\/uploads\/2026\/03\/BerlinZu-Lena-Kalle-Cut-scaled.jpg\"\n\t\t\t\t\talt=\"\"\n\t\t\t\t\tloading=\"lazy\"\n\t\t\t\t\/>\n\t\t\t\t\t\t\t\t<div class=\"bz-gallery-overlay\" aria-hidden=\"true\">\n\t\t\t\t\t<p class=\"bz-gallery-caption\">L\u00e9na<br \/>\nKalle<\/p>\n\t\t\t\t<\/div>\n\t\t\t\t\t\t\t<\/div>\n\t\t\t\t\t\t<div class=\"bz-gallery-item\">\n\t\t\t\t<img\n\t\t\t\t\tsrc=\"https:\/\/berlinzusammen.de\/wp-content\/uploads\/2026\/03\/BerlinZu-Kessy-Stephan-Cut-scaled.jpg\"\n\t\t\t\t\talt=\"\"\n\t\t\t\t\tloading=\"lazy\"\n\t\t\t\t\/>\n\t\t\t\t\t\t\t\t<div class=\"bz-gallery-overlay\" aria-hidden=\"true\">\n\t\t\t\t\t<p class=\"bz-gallery-caption\">Kessy<br \/>\nSt\u00e9phane<\/p>\n\t\t\t\t<\/div>\n\t\t\t\t\t\t\t<\/div>\n\t\t\t\t\t\t<div class=\"bz-gallery-item\">\n\t\t\t\t<img\n\t\t\t\t\tsrc=\"https:\/\/berlinzusammen.de\/wp-content\/uploads\/2026\/03\/BerlinZu-Jess-Katha-Cut-scaled.jpg\"\n\t\t\t\t\talt=\"\"\n\t\t\t\t\tloading=\"lazy\"\n\t\t\t\t\/>\n\t\t\t\t\t\t\t\t<div class=\"bz-gallery-overlay\" aria-hidden=\"true\">\n\t\t\t\t\t<p class=\"bz-gallery-caption\">Jess<br \/>\nCatherine<\/p>\n\t\t\t\t<\/div>\n\t\t\t\t\t\t\t<\/div>\n\t\t\t\t\t\t<div class=\"bz-gallery-item\">\n\t\t\t\t<img\n\t\t\t\t\tsrc=\"https:\/\/berlinzusammen.de\/wp-content\/uploads\/2026\/03\/BerlinZu-Jacque-Edgar-Cut-scaled.jpg\"\n\t\t\t\t\talt=\"\"\n\t\t\t\t\tloading=\"lazy\"\n\t\t\t\t\/>\n\t\t\t\t\t\t\t\t<div class=\"bz-gallery-overlay\" aria-hidden=\"true\">\n\t\t\t\t\t<p class=\"bz-gallery-caption\">Edgar<br \/>\nJacques<\/p>\n\t\t\t\t<\/div>\n\t\t\t\t\t\t\t<\/div>\n\t\t\t\t\t\t<div class=\"bz-gallery-item\">\n\t\t\t\t<img\n\t\t\t\t\tsrc=\"https:\/\/berlinzusammen.de\/wp-content\/uploads\/2026\/03\/BerlinZu-Ceren-Sabine-Cut-scaled.jpg\"\n\t\t\t\t\talt=\"\"\n\t\t\t\t\tloading=\"lazy\"\n\t\t\t\t\/>\n\t\t\t\t\t\t\t\t<div class=\"bz-gallery-overlay\" aria-hidden=\"true\">\n\t\t\t\t\t<p class=\"bz-gallery-caption\">Sabine<br \/>\nCeren<\/p>\n\t\t\t\t<\/div>\n\t\t\t\t\t\t\t<\/div>\n\t\t\t\t\t\t<div class=\"bz-gallery-item bz-gallery-item--more\" aria-hidden=\"true\">\n\t\t\t\t<span>Et bien d'autres encore ...<\/span>\n\t\t\t<\/div>\n\t\t<\/div>\n\t<\/div>\n<\/div>","protected":false},"excerpt":{"rendered":"<p>Das sind wir Die Menschen hinter BerlinZusammen.&nbsp; Uns verbindet die Vorstellung eines Berlins, in dem alle Menschen gut leben k\u00f6nnen \u2013 solidarisch, demokratisch und mit echter Mitsprache \u00fcber die Zukunft der Stadt. Wir sind eine zivilgesellschaftliche Kampagne und Plattform, die die Ver\u00e4nderungsw\u00fcnsche der Stadtgesellschaft kraftvoll an die Politik herantr\u00e4gt. Einige von uns sind seit Jahren [&hellip;]<\/p>\n","protected":false},"author":1,"featured_media":0,"parent":0,"menu_order":0,"comment_status":"closed","ping_status":"closed","template":"","meta":{"_acf_changed":false,"footnotes":""},"class_list":["post-51","page","type-page","status-publish","hentry"],"acf":[],"_links":{"self":[{"href":"https:\/\/berlinzusammen.de\/fr\/wp-json\/wp\/v2\/pages\/51","targetHints":{"allow":["GET"]}}],"collection":[{"href":"https:\/\/berlinzusammen.de\/fr\/wp-json\/wp\/v2\/pages"}],"about":[{"href":"https:\/\/berlinzusammen.de\/fr\/wp-json\/wp\/v2\/types\/page"}],"author":[{"embeddable":true,"href":"https:\/\/berlinzusammen.de\/fr\/wp-json\/wp\/v2\/users\/1"}],"replies":[{"embeddable":true,"href":"https:\/\/berlinzusammen.de\/fr\/wp-json\/wp\/v2\/comments?post=51"}],"version-history":[{"count":6,"href":"https:\/\/berlinzusammen.de\/fr\/wp-json\/wp\/v2\/pages\/51\/revisions"}],"predecessor-version":[{"id":318,"href":"https:\/\/berlinzusammen.de\/fr\/wp-json\/wp\/v2\/pages\/51\/revisions\/318"}],"wp:attachment":[{"href":"https:\/\/berlinzusammen.de\/fr\/wp-json\/wp\/v2\/media?parent=51"}],"curies":[{"name":"wp","href":"https:\/\/api.w.org\/{rel}","templated":true}]}}