{"id":49,"date":"2026-03-04T13:19:25","date_gmt":"2026-03-04T12:19:25","guid":{"rendered":"https:\/\/berlinzusammen.de\/?page_id=49"},"modified":"2026-04-13T19:36:07","modified_gmt":"2026-04-13T17:36:07","slug":"mach-mit","status":"publish","type":"page","link":"https:\/\/berlinzusammen.de\/kmr\/mach-mit\/","title":{"rendered":"Tevl\u00ee bibe!"},"content":{"rendered":"<div class=\"wp-block-group alignfull bz-section bz-section--green has-base-background-color has-background has-global-padding is-content-justification-left is-layout-constrained wp-container-core-group-is-layout-532a9852 wp-block-group-is-layout-constrained\" style=\"padding-top:var(--wp--preset--spacing--80);padding-right:var(--wp--preset--spacing--60);padding-bottom:var(--wp--preset--spacing--80);padding-left:var(--wp--preset--spacing--60)\">\n<div class=\"wp-block-columns is-layout-flex wp-container-core-columns-is-layout-fa584acd wp-block-columns-is-layout-flex\">\n<div class=\"wp-block-column is-vertically-aligned-top is-layout-flow wp-block-column-is-layout-flow\" style=\"flex-basis:250px\">\n<div class=\"blob-bubble bg-purple\">\n  <span class=\"blob-bubble__text bg-purple\">Tevl\u00ee bibe!<\/span>\n<\/div>\n<\/div>\n\n\n\n<div class=\"wp-block-column is-vertically-aligned-center is-layout-flow wp-container-core-column-is-layout-f5bb311e wp-block-column-is-layout-flow\">\n<h2 class=\"wp-block-heading has-2-xl-font-size\">Ji bo an\u00eena guhertina siyas\u00ee, em hewcey\u00ee we ne! <\/h2>\n\n\n\n<p>Da ku em h\u00ea b\u00eatir mezin bibin: b\u00eatir kom, b\u00eatir endam\u00ean \u00e7alak, \u00fb gelek deng li taxan, li kolanan \u00fb li ber deriyan. BerlinBiHevre h\u00een j\u00ee \u015fekil digire \u2013 \u00fb niha dema her\u00ee ba\u015f e ku h\u00fbn tevl\u00ee bibin.<\/p>\n\n\n\n<p>\u270a Va ye h\u00fbn dikarin \u00e7i bikin:&nbsp;<\/p>\n\n\n\n<ul class=\"wp-block-list\">\n<li>Derbar\u00ea BerlinBiHevre de ji heval, malbat an koma xwe ya her\u00eam\u00ee re agahiy\u00ea belav bikin \u2013 \u00fb bi hev re n\u00eeqa\u015f bikin ka h\u00fbn dixwazin \u00e7awa tevl\u00ee bibin.<\/li>\n\n\n\n<li>Tevl\u00ee yek ji kom\u00ean me y\u00ean xebat\u00ea bibe.<\/li>\n\n\n\n<li>Al\u00eekariy\u00ea bide avakirina struktur\u00ean her\u00eam\u00ee.<\/li>\n\n\n\n<li>Li gor\u00ee p\u00eaw\u00eestiy\u00ea be\u015fdar\u00ee atolye \u00fb kampanyayan bibe.<\/li>\n<\/ul>\n\n\n\n<p><strong>Ji bihara 2026an \u00fb p\u00ea de, em \u00ea li seranser\u00ea baj\u00ear kom\u00ean her\u00eam\u00ee ava bikin. Guher\u00een li Berl\u00een\u00ea bi ser\u00ea xwe \u00e7\u00eanabe. L\u00ea em bi hev re dikarin w\u00ea p\u00eak b\u00eenin.<\/strong><\/p>\n\n\n\n<div class=\"wp-block-button\" onclick=\"BzCtaPopup.open()\"><a class=\"wp-block-button__link wp-element-button\">Bi me re bikevin t\u00eakiliy\u00ea<\/a><\/div>\n<\/div>\n<\/div>\n<\/div>","protected":false},"excerpt":{"rendered":"<p>Mach mit! Damit ein Politikwechsel gelingt, brauchen wir dich! Damit wir noch viele mehr werden: mehr Gruppen, mehr Aktive sowie viele Stimmen im Kiez, auf der Strasse und an den Haust\u00fcre. BerlinZusammen befindet sich im Aufbau \u2013 und genau jetzt ist der Moment, dich einzubringen.\u2028 \u270a Das kannst du tun:&nbsp; Ab Fr\u00fchjahr 2026 starten wir [&hellip;]<\/p>\n","protected":false},"author":1,"featured_media":0,"parent":0,"menu_order":0,"comment_status":"closed","ping_status":"closed","template":"","meta":{"_acf_changed":false,"footnotes":""},"class_list":["post-49","page","type-page","status-publish","hentry"],"acf":[],"_links":{"self":[{"href":"https:\/\/berlinzusammen.de\/kmr\/wp-json\/wp\/v2\/pages\/49","targetHints":{"allow":["GET"]}}],"collection":[{"href":"https:\/\/berlinzusammen.de\/kmr\/wp-json\/wp\/v2\/pages"}],"about":[{"href":"https:\/\/berlinzusammen.de\/kmr\/wp-json\/wp\/v2\/types\/page"}],"author":[{"embeddable":true,"href":"https:\/\/berlinzusammen.de\/kmr\/wp-json\/wp\/v2\/users\/1"}],"replies":[{"embeddable":true,"href":"https:\/\/berlinzusammen.de\/kmr\/wp-json\/wp\/v2\/comments?post=49"}],"version-history":[{"count":1,"href":"https:\/\/berlinzusammen.de\/kmr\/wp-json\/wp\/v2\/pages\/49\/revisions"}],"predecessor-version":[{"id":426,"href":"https:\/\/berlinzusammen.de\/kmr\/wp-json\/wp\/v2\/pages\/49\/revisions\/426"}],"wp:attachment":[{"href":"https:\/\/berlinzusammen.de\/kmr\/wp-json\/wp\/v2\/media?parent=49"}],"curies":[{"name":"wp","href":"https:\/\/api.w.org\/{rel}","templated":true}]}}