{"id":45,"date":"2026-03-04T13:18:30","date_gmt":"2026-03-04T12:18:30","guid":{"rendered":"https:\/\/berlinzusammen.de\/?page_id=45"},"modified":"2026-03-09T08:03:00","modified_gmt":"2026-03-09T07:03:00","slug":"impressum","status":"publish","type":"page","link":"https:\/\/berlinzusammen.de\/ko\/impressum\/","title":{"rendered":"\uc0ac\uc5c5\uc790 \uc815\ubcf4"},"content":{"rendered":"<div class=\"wp-block-group is-vertical is-layout-flex wp-container-core-group-is-layout-c35747d5 wp-block-group-is-layout-flex\"><h2 class=\"wp-block-post-title\">\uc0ac\uc5c5\uc790 \uc815\ubcf4<\/h2>\n\n\n<h4 class=\"wp-block-heading\">\uc6b0\ud3b8 \uc8fc\uc18c<\/h4>\n\n\n\n<p>\ubca0\ub97c\ub9b0\uc8fc\uc0bc\uba58 e.V.<br>\uc624\ub4dc\ub808 \ub85c\ub370 \uac70\ub9ac 26<br>10997 \ubca0\ub97c\ub9b0<br>\ub3c5\uc77c<\/p>\n\n\n\n<h4 class=\"wp-block-heading\">\uc5b8\ub860 \ubb38\uc758<\/h4>\n\n\n\n<p>\uc774\uba54\uc77c: presse (at) berlinzusammen.de<\/p>\n\n\n\n<h4 class=\"wp-block-heading\">\ucf58\ud150\uce20\uc5d0 \ub300\ud55c \ucc45\uc784<\/h4>\n\n\n\n<p>\ub2f9\uc0ac \ud398\uc774\uc9c0\uc758 \ucf58\ud150\uce20\ub294 \uc138\uc2ec\ud55c \uc8fc\uc758\ub97c \uae30\uc6b8\uc5ec \uc791\uc131\ub418\uc5c8\uc2b5\ub2c8\ub2e4. \uadf8\ub7ec\ub098 \ub2f9\uc0ac\ub294 \ucf58\ud150\uce20\uc758 \uc815\ud655\uc131, \uc644\uc804\uc131 \ubc0f \uc2dc\uc758\uc131\uc5d0 \ub300\ud574 \uc5b4\ub5a0\ud55c \ucc45\uc784\ub3c4 \uc9c0\uc9c0 \uc54a\uc2b5\ub2c8\ub2e4. \uc11c\ube44\uc2a4 \uc81c\uacf5\uc790\ub85c\uc11c \ub2f9\uc0ac\ub294 \ub3c5\uc77c \ud154\ub808\ubbf8\ub514\uc5b4\ubc95(TMG) \u00a7 7\uc808 1\ud56d \ubc0f \uc77c\ubc18 \ubc95\ub960\uc5d0 \ub530\ub77c \ud574\ub2f9 \ud398\uc774\uc9c0\uc758 \ucf58\ud150\uce20\uc5d0 \ub300\ud55c \ucc45\uc784\uc774 \uc788\uc2b5\ub2c8\ub2e4. \uadf8\ub7ec\ub098 TMG \u00a7\u00a7 8~10\uc5d0 \ub530\ub974\uba74 \uc11c\ube44\uc2a4 \uc81c\uacf5\uc790\ub85c\uc11c \ub2f9\uc0ac\ub294 \uc804\uc1a1 \ub610\ub294 \uc800\uc7a5\ub41c \uc81c3\uc790 \uc815\ubcf4\ub97c \ubaa8\ub2c8\ud130\ub9c1\ud558\uac70\ub098 \ubd88\ubc95 \ud65c\ub3d9\uc744 \ub098\ud0c0\ub0b4\ub294 \uc0c1\ud669\uc744 \uc870\uc0ac\ud560 \uc758\ubb34\uac00 \uc5c6\uc2b5\ub2c8\ub2e4. \uc77c\ubc18 \ubc95\ub960\uc5d0 \ub530\ub77c \uc815\ubcf4 \uc0ac\uc6a9\uc744 \uc81c\uac70\ud558\uac70\ub098 \ucc28\ub2e8\ud574\uc57c \ud558\ub294 \uc758\ubb34\ub294 \uc774\uc5d0 \uc601\ud5a5\uc744 \ubc1b\uc9c0 \uc54a\uc2b5\ub2c8\ub2e4. \uadf8\ub7ec\ub098 \uc774\uc640 \uad00\ub828\ud55c \ucc45\uc784\uc740 \ud2b9\uc815 \uce68\ud574\ub97c \uc778\uc9c0\ud55c \uc2dc\uc810\ubd80\ud130 \uac00\ub2a5\ud569\ub2c8\ub2e4. \uc774\ub7ec\ud55c \uce68\ud574\ub97c \uc778\uc9c0\ud558\ub294 \uc989\uc2dc \ud574\ub2f9 \ucf58\ud150\uce20\ub97c \uc0ad\uc81c\ud569\ub2c8\ub2e4.<\/p>\n\n\n\n<h4 class=\"wp-block-heading\">\ub9c1\ud06c\uc5d0 \ub300\ud55c \ucc45\uc784<\/h4>\n\n\n\n<p>\ub2f9\uc0ac \uc6f9\uc0ac\uc774\ud2b8\uc5d0\ub294 \ub2f9\uc0ac\uac00 \ucf58\ud150\uce20\uc5d0 \uc601\ud5a5\uc744 \ubbf8\uce58\uc9c0 \uc54a\ub294 \uc678\ubd80 \ud0c0\uc0ac \uc6f9\uc0ac\uc774\ud2b8\ub85c \uc5f0\uacb0\ub418\ub294 \ub9c1\ud06c\uac00 \ud3ec\ud568\ub418\uc5b4 \uc788\uc2b5\ub2c8\ub2e4. \ub530\ub77c\uc11c \ub2f9\uc0ac\ub294 \uc774\ub7ec\ud55c \uc81c3\uc790 \ucf58\ud150\uce20\uc5d0 \ub300\ud574 \uc5b4\ub5a0\ud55c \ucc45\uc784\ub3c4 \uc9c0\uc9c0 \uc54a\uc2b5\ub2c8\ub2e4. \ub9c1\ud06c\ub41c \ud398\uc774\uc9c0\uc758 \ucf58\ud150\uce20\uc5d0 \ub300\ud55c \ucc45\uc784\uc740 \ud56d\uc0c1 \ud574\ub2f9 \ud398\uc774\uc9c0\uc758 \uc81c\uacf5\uc790 \ub610\ub294 \uc6b4\uc601\uc790\uc5d0\uac8c \uc788\uc2b5\ub2c8\ub2e4. \ub9c1\ud06c\ub41c \ud398\uc774\uc9c0\uc758 \ubc95\uc801 \uc704\ubc18 \uac00\ub2a5\uc131\uc740 \ub9c1\ud06c \uc2dc\uc810\uc5d0 \ud655\uc778\ub418\uc5c8\uc2b5\ub2c8\ub2e4. \ub9c1\ud06c \ub2f9\uc2dc\uc5d0\ub294 \ubd88\ubc95 \ucf58\ud150\uce20\ub97c \uc778\uc2dd\ud560 \uc218 \uc5c6\uc5c8\uc2b5\ub2c8\ub2e4. \uadf8\ub7ec\ub098 \ub9c1\ud06c\ub41c \ud398\uc774\uc9c0\uc758 \ucf58\ud150\uce20\ub97c \uc601\uad6c\uc801\uc73c\ub85c \ubaa8\ub2c8\ud130\ub9c1\ud558\ub294 \uac83\uc740 \uce68\ud574\uc5d0 \ub300\ud55c \uad6c\uccb4\uc801\uc778 \uc99d\uac70 \uc5c6\uc774\ub294 \ud569\ub9ac\uc801\uc774\uc9c0 \uc54a\uc2b5\ub2c8\ub2e4. \ubc95\uc801 \uce68\ud574\ub97c \uc778\uc9c0\ud558\ub294 \uacbd\uc6b0 \ud574\ub2f9 \ub9c1\ud06c\ub97c \uc989\uc2dc \uc0ad\uc81c\ud569\ub2c8\ub2e4.<\/p>\n\n\n\n<h4 class=\"wp-block-heading\">\uc800\uc791\uad8c<\/h4>\n\n\n\n<p>\uc774 \ud398\uc774\uc9c0\uc5d0\uc11c \uc0ac\uc774\ud2b8 \uc6b4\uc601\uc790\uac00 \ub9cc\ub4e0 \ucf58\ud150\uce20\uc640 \uc800\uc791\ubb3c\uc740 \ub3c5\uc77c \uc800\uc791\uad8c\ubc95\uc758 \uc801\uc6a9\uc744 \ubc1b\uc2b5\ub2c8\ub2e4. \uc800\uc791\uad8c\ubc95\uc758 \ud55c\uacc4\ub97c \ubc97\uc5b4\ub09c \ubcf5\uc81c, \uac00\uacf5, \ubc30\ud3ec \ubc0f \ubaa8\ub4e0 \uc885\ub958\uc758 \ud65c\uc6a9\uc5d0\ub294 \ud574\ub2f9 \uc800\uc791\uc790 \ub610\ub294 \uc81c\uc791\uc790\uc758 \uc11c\uba74 \ub3d9\uc758\uac00 \ud544\uc694\ud569\ub2c8\ub2e4. \uc774 \uc0ac\uc774\ud2b8\uc758 \ub2e4\uc6b4\ub85c\ub4dc \ubc0f \uc0ac\ubcf8\uc740 \uac1c\uc778\uc801, \ube44\uc0c1\uc5c5\uc801 \uc6a9\ub3c4\ub85c\ub9cc \ud5c8\uc6a9\ub429\ub2c8\ub2e4. \uc774 \uc0ac\uc774\ud2b8\uc758 \ucf58\ud150\uce20\uac00 \uc6b4\uc601\uc790\uac00 \uc9c1\uc811 \uc81c\uc791\ud558\uc9c0 \uc54a\uc740 \ud55c, \uc81c3\uc790\uc758 \uc800\uc791\uad8c\uc740 \uc874\uc911\ub429\ub2c8\ub2e4. \ud2b9\ud788 \ud0c0\uc0ac \ucf58\ud150\uce20\uc5d0\ub294 \ud574\ub2f9 \ucf58\ud150\uce20\uac00 \ud45c\uc2dc\ub418\uc5b4 \uc788\uc2b5\ub2c8\ub2e4. \uadf8\ub7fc\uc5d0\ub3c4 \ubd88\uad6c\ud558\uace0 \uc800\uc791\uad8c \uce68\ud574\ub97c \uc778\uc9c0\ud55c \uacbd\uc6b0, \uadf8\uc5d0 \ub530\ub77c \ub2f9\uc0ac\uc5d0 \uc54c\ub824\uc8fc\uc2dc\uae30 \ubc14\ub78d\ub2c8\ub2e4. \ub2f9\uc0ac\ub294 \uc800\uc791\uad8c \uce68\ud574\ub97c \uc778\uc9c0\ud558\ub294 \uacbd\uc6b0 \ud574\ub2f9 \ucf58\ud150\uce20\ub97c \uc989\uc2dc \uc0ad\uc81c\ud569\ub2c8\ub2e4.<\/p>\n<\/div>","protected":false},"excerpt":{"rendered":"<p>Postanschrift BerlinZusammen e.V.Audre-Lorde-Str. 2610997 BerlinDeutschland Pressekontakt E-Mail: presse (at) berlinzusammen.de Haftung f\u00fcr Inhalte Die Inhalte unserer Seiten wurden mit gr\u00f6\u00dfter Sorgfalt erstellt. F\u00fcr die Richtigkeit, Vollst\u00e4ndigkeit und Aktualit\u00e4t der Inhalte k\u00f6nnen wir jedoch keine Gew\u00e4hr \u00fcbernehmen. Als Diensteanbieter sind wir gem\u00e4\u00df \u00a7 7 Abs.1 TMG f\u00fcr eigene Inhalte auf diesen Seiten nach den allgemeinen Gesetzen [&hellip;]<\/p>\n","protected":false},"author":1,"featured_media":0,"parent":0,"menu_order":0,"comment_status":"closed","ping_status":"closed","template":"","meta":{"_acf_changed":false,"footnotes":""},"class_list":["post-45","page","type-page","status-publish","hentry"],"acf":[],"_links":{"self":[{"href":"https:\/\/berlinzusammen.de\/ko\/wp-json\/wp\/v2\/pages\/45","targetHints":{"allow":["GET"]}}],"collection":[{"href":"https:\/\/berlinzusammen.de\/ko\/wp-json\/wp\/v2\/pages"}],"about":[{"href":"https:\/\/berlinzusammen.de\/ko\/wp-json\/wp\/v2\/types\/page"}],"author":[{"embeddable":true,"href":"https:\/\/berlinzusammen.de\/ko\/wp-json\/wp\/v2\/users\/1"}],"replies":[{"embeddable":true,"href":"https:\/\/berlinzusammen.de\/ko\/wp-json\/wp\/v2\/comments?post=45"}],"version-history":[{"count":0,"href":"https:\/\/berlinzusammen.de\/ko\/wp-json\/wp\/v2\/pages\/45\/revisions"}],"wp:attachment":[{"href":"https:\/\/berlinzusammen.de\/ko\/wp-json\/wp\/v2\/media?parent=45"}],"curies":[{"name":"wp","href":"https:\/\/api.w.org\/{rel}","templated":true}]}}