{"id":51,"date":"2026-03-04T13:19:36","date_gmt":"2026-03-04T12:19:36","guid":{"rendered":"https:\/\/berlinzusammen.de\/?page_id=51"},"modified":"2026-04-13T19:36:43","modified_gmt":"2026-04-13T17:36:43","slug":"das-sind-wir","status":"publish","type":"page","link":"https:\/\/berlinzusammen.de\/ko\/das-sind-wir\/","title":{"rendered":"\uc774\uac83\uc774 \uc6b0\ub9ac\uc785\ub2c8\ub2e4"},"content":{"rendered":"<div class=\"wp-block-group alignfull bz-section bz-section--green has-contrast-background-color has-background has-global-padding is-content-justification-left is-layout-constrained wp-container-core-group-is-layout-532a9852 wp-block-group-is-layout-constrained\" style=\"padding-top:var(--wp--preset--spacing--80);padding-right:var(--wp--preset--spacing--60);padding-bottom:var(--wp--preset--spacing--80);padding-left:var(--wp--preset--spacing--60)\">\n<div class=\"wp-block-columns is-layout-flex wp-container-core-columns-is-layout-a9574bfe wp-block-columns-is-layout-flex\" style=\"margin-top:0;margin-bottom:0\">\n<div class=\"wp-block-column is-vertically-aligned-top is-layout-flow wp-block-column-is-layout-flow\" style=\"flex-basis:250px\">\n<div class=\"blob-bubble bg-green\">\n  <span class=\"blob-bubble__text bg-green\">\uc774\uac83\uc774 \uc6b0\ub9ac\uc785\ub2c8\ub2e4<\/span>\n<\/div>\n<\/div>\n\n\n\n<div class=\"wp-block-column is-vertically-aligned-center is-layout-flow wp-container-core-column-is-layout-f5bb311e wp-block-column-is-layout-flow\">\n<h2 class=\"wp-block-heading has-base-color has-text-color has-link-color has-2-xl-font-size wp-elements-3cdf2e61e4e9537a90b1ffcc1c2f13a0\">\ubca0\ub97c\ub9b0\uc8fc\uc0bc\uba58\uc758 \uc0ac\ub78c\ub4e4.&nbsp;<\/h2>\n\n\n\n<p class=\"has-base-color has-text-color has-link-color wp-elements-51e015e85b08cbd660a2d82c6b6330eb\">\uc6b0\ub9ac\ub294 \ubaa8\ub450\uac00 \uc5f0\ub300\ud558\uace0, \ubbfc\uc8fc\uc801\uc73c\ub85c, \ub3c4\uc2dc\uc758 \ubbf8\ub798\uc5d0 \ub300\ud55c \uc9c4\uc815\ud55c \ubc1c\uc5b8\uad8c\uc744 \uac00\uc9c0\uace0 \ubaa8\ub450\uac00 \uc798 \uc0b4 \uc218 \uc788\ub294 \ubca0\ub97c\ub9b0\uc774\ub77c\ub294 \uc0dd\uac01\uc73c\ub85c \ubb49\ucce4\uc2b5\ub2c8\ub2e4. \uc6b0\ub9ac\ub294 \ubcc0\ud654\ub97c \ud5a5\ud55c \ub3c4\uc2dc \uc0ac\ud68c\uc758 \ubc14\ub78c\uc744 \uc815\uce58\uc778\ub4e4\uc758 \uad00\uc2ec\uc744 \ub04c \uc218 \uc788\ub3c4\ub85d \uac15\ub825\ud558\uac8c \uc804\ub2ec\ud558\ub294 \uc2dc\ubbfc \uc0ac\ud68c \ucea0\ud398\uc778\uc774\uc790 \ud50c\ub7ab\ud3fc\uc785\ub2c8\ub2e4.<\/p>\n\n\n\n<p class=\"has-base-color has-text-color has-link-color wp-elements-a426ebb5207422821baf8cd24d372a41\">\uc6b0\ub9ac \uc911 \uc77c\ubd80\ub294 \uc218\ub144 \ub3d9\uc548 \uc0ac\ud68c \uc6b4\ub3d9\uc5d0 \uc801\uadf9\uc801\uc73c\ub85c \ucc38\uc5ec\ud574 \uc654\uc2b5\ub2c8\ub2e4. \ucc98\uc74c\uc73c\ub85c \ucc38\uc5ec\ud558\ub294 \ubd84\ub4e4\ub3c4 \uc788\uc2b5\ub2c8\ub2e4. \uc6b0\ub9ac\ub294 \uc774\ubbf8 \uc774 \ub3c4\uc2dc\uc5d0\uc11c \uc2dc\ubbfc\ub4e4\uc758 \uc774\uc775\uc744 \uc704\ud574 \uc815\uce58\uc801 \ubcc0\ud654\ub97c \uc704\ud55c \ucea0\ud398\uc778\uc744 \ubc8c\uc774\uace0 \uc788\ub294 \ub9ce\uc740 \uac15\ub825\ud55c \uc774\ub2c8\uc154\ud2f0\ube0c\uc758 \ud50c\ub7ab\ud3fc\uc774\uc790 \uc99d\ud3ed\uae30 \uc5ed\ud560\uc744 \ud558\uace0 \uc788\uc2b5\ub2c8\ub2e4. \ub610\ud55c \uc6b0\ub9ac\ub294 \uacfc\uac70\uc5d0\ub294 \ud65c\ub3d9\ud558\uc9c0 \uc54a\uc558\uc9c0\ub9cc \uc774\uc81c \ubca0\ub97c\ub9b0\uc744 \ubcc0\ud654\uc2dc\ud0ac \uc218 \uc788\ub294 \uae30\ud68c\ub97c \ubc1c\uacac\ud55c \uc0ac\ub78c\ub4e4\uc744 \uc704\ud55c \uc811\uc810\uc785\ub2c8\ub2e4.<\/p>\n\n\n\n<p class=\"has-base-color has-text-color has-link-color wp-elements-c1c42b6c451c352128e77866f47a6445\">\ud83d\udc9a \uc815\uce58\uc801 \uacbd\ud5d8\uc774 \uc788\ub4e0 \uc5c6\ub4e0 \uc5f0\ub300\ub97c \uae30\ubc18\uc73c\ub85c \ud55c \ub3c4\uc2dc\uc5d0 \ub300\ud55c \uc5f4\ub9dd\uc744 \uacf5\uc720\ud558\ub294 \ubaa8\ub4e0 \uc774\uc5d0\uac8c \uc5f4\ub824 \uc788\uc2b5\ub2c8\ub2e4.<\/p>\n<\/div>\n<\/div>\n<\/div>\n\n\n\n<div class=\"wp-block-group has-global-padding is-layout-constrained wp-container-core-group-is-layout-c385debf wp-block-group-is-layout-constrained\" style=\"padding-top:var(--wp--preset--spacing--20);padding-right:var(--wp--preset--spacing--20);padding-bottom:var(--wp--preset--spacing--20);padding-left:var(--wp--preset--spacing--20)\"><div class=\"bz-image-gallery wp-block-berlinzusammen-image-gallery\">\n\t\t\t<div\n\t\t\tclass=\"bz-gallery-grid\"\n\t\t\tstyle=\"--bz-gallery-columns: 3;\"\n\t\t>\n\t\t\t\t\t\t<div class=\"bz-gallery-item\">\n\t\t\t\t<img\n\t\t\t\t\tsrc=\"https:\/\/berlinzusammen.de\/wp-content\/uploads\/2026\/03\/BZ-Anab-2026-3-834-Cut-scaled.jpg\"\n\t\t\t\t\talt=\"\"\n\t\t\t\t\tloading=\"lazy\"\n\t\t\t\t\/>\n\t\t\t\t\t\t\t\t<div class=\"bz-gallery-overlay\" aria-hidden=\"true\">\n\t\t\t\t\t<p class=\"bz-gallery-caption\">Anab<br \/>\n\uc0ac\ube48<\/p>\n\t\t\t\t<\/div>\n\t\t\t\t\t\t\t<\/div>\n\t\t\t\t\t\t<div class=\"bz-gallery-item\">\n\t\t\t\t<img\n\t\t\t\t\tsrc=\"https:\/\/berlinzusammen.de\/wp-content\/uploads\/2026\/03\/BerlinZu-Raphael-Verena-Cut-scaled.jpg\"\n\t\t\t\t\talt=\"\"\n\t\t\t\t\tloading=\"lazy\"\n\t\t\t\t\/>\n\t\t\t\t\t\t\t\t<div class=\"bz-gallery-overlay\" aria-hidden=\"true\">\n\t\t\t\t\t<p class=\"bz-gallery-caption\">Raphael<br \/>\nVerena<\/p>\n\t\t\t\t<\/div>\n\t\t\t\t\t\t\t<\/div>\n\t\t\t\t\t\t<div class=\"bz-gallery-item\">\n\t\t\t\t<img\n\t\t\t\t\tsrc=\"https:\/\/berlinzusammen.de\/wp-content\/uploads\/2026\/03\/BerlinZu-Lisa-Bob-2-Cut-scaled.jpg\"\n\t\t\t\t\talt=\"\"\n\t\t\t\t\tloading=\"lazy\"\n\t\t\t\t\/>\n\t\t\t\t\t\t\t\t<div class=\"bz-gallery-overlay\" aria-hidden=\"true\">\n\t\t\t\t\t<p class=\"bz-gallery-caption\">Bob<br \/>\n\ub9ac\uc0ac<\/p>\n\t\t\t\t<\/div>\n\t\t\t\t\t\t\t<\/div>\n\t\t\t\t\t\t<div class=\"bz-gallery-item\">\n\t\t\t\t<img\n\t\t\t\t\tsrc=\"https:\/\/berlinzusammen.de\/wp-content\/uploads\/2026\/03\/BerlinZu-Lena-Kalle-Cut-scaled.jpg\"\n\t\t\t\t\talt=\"\"\n\t\t\t\t\tloading=\"lazy\"\n\t\t\t\t\/>\n\t\t\t\t\t\t\t\t<div class=\"bz-gallery-overlay\" aria-hidden=\"true\">\n\t\t\t\t\t<p class=\"bz-gallery-caption\">\ub808\ub098<br \/>\n\uce7c\ub808<\/p>\n\t\t\t\t<\/div>\n\t\t\t\t\t\t\t<\/div>\n\t\t\t\t\t\t<div class=\"bz-gallery-item\">\n\t\t\t\t<img\n\t\t\t\t\tsrc=\"https:\/\/berlinzusammen.de\/wp-content\/uploads\/2026\/03\/BerlinZu-Kessy-Stephan-Cut-scaled.jpg\"\n\t\t\t\t\talt=\"\"\n\t\t\t\t\tloading=\"lazy\"\n\t\t\t\t\/>\n\t\t\t\t\t\t\t\t<div class=\"bz-gallery-overlay\" aria-hidden=\"true\">\n\t\t\t\t\t<p class=\"bz-gallery-caption\">\ucf00\uc2dc<br \/>\n\uc2a4\ud14c\ud310<\/p>\n\t\t\t\t<\/div>\n\t\t\t\t\t\t\t<\/div>\n\t\t\t\t\t\t<div class=\"bz-gallery-item\">\n\t\t\t\t<img\n\t\t\t\t\tsrc=\"https:\/\/berlinzusammen.de\/wp-content\/uploads\/2026\/03\/BerlinZu-Jess-Katha-Cut-scaled.jpg\"\n\t\t\t\t\talt=\"\"\n\t\t\t\t\tloading=\"lazy\"\n\t\t\t\t\/>\n\t\t\t\t\t\t\t\t<div class=\"bz-gallery-overlay\" aria-hidden=\"true\">\n\t\t\t\t\t<p class=\"bz-gallery-caption\">\uc81c\uc2a4<br \/>\nCatherine<\/p>\n\t\t\t\t<\/div>\n\t\t\t\t\t\t\t<\/div>\n\t\t\t\t\t\t<div class=\"bz-gallery-item\">\n\t\t\t\t<img\n\t\t\t\t\tsrc=\"https:\/\/berlinzusammen.de\/wp-content\/uploads\/2026\/03\/BerlinZu-Jacque-Edgar-Cut-scaled.jpg\"\n\t\t\t\t\talt=\"\"\n\t\t\t\t\tloading=\"lazy\"\n\t\t\t\t\/>\n\t\t\t\t\t\t\t\t<div class=\"bz-gallery-overlay\" aria-hidden=\"true\">\n\t\t\t\t\t<p class=\"bz-gallery-caption\">\uc5d0\ub4dc\uac70<br \/>\n\uc790\ud06c<\/p>\n\t\t\t\t<\/div>\n\t\t\t\t\t\t\t<\/div>\n\t\t\t\t\t\t<div class=\"bz-gallery-item\">\n\t\t\t\t<img\n\t\t\t\t\tsrc=\"https:\/\/berlinzusammen.de\/wp-content\/uploads\/2026\/03\/BerlinZu-Ceren-Sabine-Cut-scaled.jpg\"\n\t\t\t\t\talt=\"\"\n\t\t\t\t\tloading=\"lazy\"\n\t\t\t\t\/>\n\t\t\t\t\t\t\t\t<div class=\"bz-gallery-overlay\" aria-hidden=\"true\">\n\t\t\t\t\t<p class=\"bz-gallery-caption\">\uc0ac\ube48<br \/>\n\uc138\ub80c<\/p>\n\t\t\t\t<\/div>\n\t\t\t\t\t\t\t<\/div>\n\t\t\t\t\t\t<div class=\"bz-gallery-item bz-gallery-item--more\" aria-hidden=\"true\">\n\t\t\t\t<span>\uadf8\ub9ac\uace0 \ub354 \ub9ce\uc740 ...<\/span>\n\t\t\t<\/div>\n\t\t<\/div>\n\t<\/div>\n<\/div>","protected":false},"excerpt":{"rendered":"<p>Das sind wir Die Menschen hinter BerlinZusammen.&nbsp; Uns verbindet die Vorstellung eines Berlins, in dem alle Menschen gut leben k\u00f6nnen \u2013 solidarisch, demokratisch und mit echter Mitsprache \u00fcber die Zukunft der Stadt. Wir sind eine zivilgesellschaftliche Kampagne und Plattform, die die Ver\u00e4nderungsw\u00fcnsche der Stadtgesellschaft kraftvoll an die Politik herantr\u00e4gt. Einige von uns sind seit Jahren [&hellip;]<\/p>\n","protected":false},"author":1,"featured_media":0,"parent":0,"menu_order":0,"comment_status":"closed","ping_status":"closed","template":"","meta":{"_acf_changed":false,"footnotes":""},"class_list":["post-51","page","type-page","status-publish","hentry"],"acf":[],"_links":{"self":[{"href":"https:\/\/berlinzusammen.de\/ko\/wp-json\/wp\/v2\/pages\/51","targetHints":{"allow":["GET"]}}],"collection":[{"href":"https:\/\/berlinzusammen.de\/ko\/wp-json\/wp\/v2\/pages"}],"about":[{"href":"https:\/\/berlinzusammen.de\/ko\/wp-json\/wp\/v2\/types\/page"}],"author":[{"embeddable":true,"href":"https:\/\/berlinzusammen.de\/ko\/wp-json\/wp\/v2\/users\/1"}],"replies":[{"embeddable":true,"href":"https:\/\/berlinzusammen.de\/ko\/wp-json\/wp\/v2\/comments?post=51"}],"version-history":[{"count":6,"href":"https:\/\/berlinzusammen.de\/ko\/wp-json\/wp\/v2\/pages\/51\/revisions"}],"predecessor-version":[{"id":318,"href":"https:\/\/berlinzusammen.de\/ko\/wp-json\/wp\/v2\/pages\/51\/revisions\/318"}],"wp:attachment":[{"href":"https:\/\/berlinzusammen.de\/ko\/wp-json\/wp\/v2\/media?parent=51"}],"curies":[{"name":"wp","href":"https:\/\/api.w.org\/{rel}","templated":true}]}}