{"id":49,"date":"2026-03-04T13:19:25","date_gmt":"2026-03-04T12:19:25","guid":{"rendered":"https:\/\/berlinzusammen.de\/?page_id=49"},"modified":"2026-04-13T19:36:07","modified_gmt":"2026-04-13T17:36:07","slug":"mach-mit","status":"publish","type":"page","link":"https:\/\/berlinzusammen.de\/prs\/mach-mit\/","title":{"rendered":"Mach mit!"},"content":{"rendered":"<div class=\"wp-block-group alignfull bz-section bz-section--green has-base-background-color has-background has-global-padding is-content-justification-left is-layout-constrained wp-container-core-group-is-layout-532a9852 wp-block-group-is-layout-constrained\" style=\"padding-top:var(--wp--preset--spacing--80);padding-right:var(--wp--preset--spacing--60);padding-bottom:var(--wp--preset--spacing--80);padding-left:var(--wp--preset--spacing--60)\">\n<div class=\"wp-block-columns is-layout-flex wp-container-core-columns-is-layout-fa584acd wp-block-columns-is-layout-flex\">\n<div class=\"wp-block-column is-vertically-aligned-top is-layout-flow wp-block-column-is-layout-flow\" style=\"flex-basis:250px\">\n<div class=\"blob-bubble bg-purple\">\n  <span class=\"blob-bubble__text bg-purple\">Mach mit!<\/span>\n<\/div>\n<\/div>\n\n\n\n<div class=\"wp-block-column is-vertically-aligned-center is-layout-flow wp-container-core-column-is-layout-f5bb311e wp-block-column-is-layout-flow\">\n<h2 class=\"wp-block-heading has-2-xl-font-size\">Damit ein Politikwechsel gelingt, brauchen wir dich! <\/h2>\n\n\n\n<p>Damit wir noch viele mehr werden: mehr Gruppen, mehr Aktive sowie viele Stimmen im Kiez, auf der Strasse und an den Haust\u00fcre. BerlinZusammen befindet sich im Aufbau \u2013 und genau jetzt ist der Moment, dich einzubringen.\u2028<\/p>\n\n\n\n<p>\u270a Das kannst du tun:&nbsp;<\/p>\n\n\n\n<ul class=\"wp-block-list\">\n<li>Mach BerlinZusammen in deinem Freund:innenkreis, deiner Familie oder Initiative bekannt \u2013 und besprecht gemeinsam, wie ihr euch beteiligen wollt.<\/li>\n\n\n\n<li>Komm in eine unserer Arbeitsgruppen.<\/li>\n\n\n\n<li>Unterst\u00fctze den Aufbau von Bezirksstrukturen.<\/li>\n\n\n\n<li>Engagiere dich punktuell bei Workshops und Aktionen.<\/li>\n<\/ul>\n\n\n\n<p><strong>Ab Fr\u00fchjahr 2026 starten wir mit Bezirksgruppen in der ganzen Stadt. Die Ver\u00e4nderungen in Berlin kommen nicht von allein.&nbsp;Aber gemeinsam k\u00f6nnen wir es schaffen.\u2028<\/strong><\/p>\n\n\n\n<div class=\"wp-block-button\" onclick=\"BzCtaPopup.open()\"><a class=\"wp-block-button__link wp-element-button\">\ud83d\udcec  Melde dich bei uns<\/a><\/div>\n<\/div>\n<\/div>\n<\/div>","protected":false},"excerpt":{"rendered":"<p>Mach mit! Damit ein Politikwechsel gelingt, brauchen wir dich! Damit wir noch viele mehr werden: mehr Gruppen, mehr Aktive sowie viele Stimmen im Kiez, auf der Strasse und an den Haust\u00fcre. BerlinZusammen befindet sich im Aufbau \u2013 und genau jetzt ist der Moment, dich einzubringen.\u2028 \u270a Das kannst du tun:&nbsp; Ab Fr\u00fchjahr 2026 starten wir [&hellip;]<\/p>\n","protected":false},"author":1,"featured_media":0,"parent":0,"menu_order":0,"comment_status":"closed","ping_status":"closed","template":"","meta":{"_acf_changed":false,"footnotes":""},"class_list":["post-49","page","type-page","status-publish","hentry"],"acf":[],"_links":{"self":[{"href":"https:\/\/berlinzusammen.de\/prs\/wp-json\/wp\/v2\/pages\/49","targetHints":{"allow":["GET"]}}],"collection":[{"href":"https:\/\/berlinzusammen.de\/prs\/wp-json\/wp\/v2\/pages"}],"about":[{"href":"https:\/\/berlinzusammen.de\/prs\/wp-json\/wp\/v2\/types\/page"}],"author":[{"embeddable":true,"href":"https:\/\/berlinzusammen.de\/prs\/wp-json\/wp\/v2\/users\/1"}],"replies":[{"embeddable":true,"href":"https:\/\/berlinzusammen.de\/prs\/wp-json\/wp\/v2\/comments?post=49"}],"version-history":[{"count":1,"href":"https:\/\/berlinzusammen.de\/prs\/wp-json\/wp\/v2\/pages\/49\/revisions"}],"predecessor-version":[{"id":426,"href":"https:\/\/berlinzusammen.de\/prs\/wp-json\/wp\/v2\/pages\/49\/revisions\/426"}],"wp:attachment":[{"href":"https:\/\/berlinzusammen.de\/prs\/wp-json\/wp\/v2\/media?parent=49"}],"curies":[{"name":"wp","href":"https:\/\/api.w.org\/{rel}","templated":true}]}}