{"id":3,"date":"2026-03-03T19:15:47","date_gmt":"2026-03-03T18:15:47","guid":{"rendered":"https:\/\/berlinzusammen.de\/?page_id=3"},"modified":"2026-04-07T09:10:13","modified_gmt":"2026-04-07T07:10:13","slug":"datenschutzerklaerung","status":"publish","type":"page","link":"https:\/\/berlinzusammen.de\/vi\/datenschutzerklaerung\/","title":{"rendered":"Ch\u00ednh s\u00e1ch b\u1ea3o m\u1eadt"},"content":{"rendered":"<div class=\"wp-block-group is-vertical is-layout-flex wp-container-core-group-is-layout-c35747d5 wp-block-group-is-layout-flex\"><h2 class=\"wp-block-post-title\">Ch\u00ednh s\u00e1ch b\u1ea3o m\u1eadt<\/h2>\n\n\n<h4 class=\"wp-block-heading\">1. Verantwortliche Stelle<\/h4>\n\n\n\n<p>Verantwortlich f\u00fcr die Datenverarbeitung auf dieser Website ist:<\/p>\n\n\n\n<p>Hi\u1ec7p h\u1ed9i BerlinZusammen e.V.<br>S\u1ed1 26, \u0111\u01b0\u1eddng Audre Lorde<br>10997 Berlin<br>\u0110\u1ee9c<\/p>\n\n\n\n<p>E-Mail: info (at) berlinzusammen.de<\/p>\n\n\n\n<p>Der Verein wird vertreten durch den Vorstand.<\/p>\n\n\n\n<h4 class=\"wp-block-heading\">2. Allgemeine Hinweise zur Datenverarbeitung<\/h4>\n\n\n\n<p>Der Schutz Ihrer personenbezogenen Daten ist uns ein wichtiges Anliegen. Wir behandeln Ihre personenbezogenen Daten vertraulich und entsprechend der gesetzlichen Datenschutzvorschriften, insbesondere der Datenschutz-Grundverordnung (DSGVO) sowie des Telekommunikation-Digitale-Dienste-Datenschutz-Gesetzes (TTDSG).<\/p>\n\n\n\n<p>Personenbezogene Daten sind alle Daten, mit denen Sie pers\u00f6nlich identifiziert werden k\u00f6nnen.<\/p>\n\n\n\n<h4 class=\"wp-block-heading\">3. Datenerfassung beim Besuch der Website<\/h4>\n\n\n\n<p>Beim Aufrufen unserer Website werden durch den Hostinganbieter automatisch Informationen erfasst und in sogenannten Server-Logfiles gespeichert. Dies sind insbesondere:<\/p>\n\n\n\n<ul class=\"wp-block-list\">\n<li>IP-Adresse<\/li>\n\n\n\n<li>Datum und Uhrzeit der Anfrage<\/li>\n\n\n\n<li>Browsertyp und Browserversion<\/li>\n\n\n\n<li>verwendetes Betriebssystem<\/li>\n\n\n\n<li>Referrer URL<\/li>\n\n\n\n<li>Hostname des zugreifenden Rechners<\/li>\n<\/ul>\n\n\n\n<p>Diese Daten werden nicht bestimmten Personen zugeordnet.<\/p>\n\n\n\n<p>Die Verarbeitung erfolgt auf Grundlage von <strong>Art. 6 Abs. 1 lit. f DSGVO<\/strong> (berechtigtes Interesse), um den stabilen und sicheren Betrieb der Website zu gew\u00e4hrleisten.<\/p>\n\n\n\n<h4 class=\"wp-block-heading\">4. Hosting der Website<\/h4>\n\n\n\n<p>Diese Website wurde mit <strong>WordPress<\/strong> erstellt.<\/p>\n\n\n\n<p>Das Hosting der Website erfolgt \u00fcber:<\/p>\n\n\n\n<p>STRATO AG<br>Otto-Ostrowski-Stra\u00dfe 7<br>10249 Berlin<br>\u0110\u1ee9c<\/p>\n\n\n\n<p>Der Hostinganbieter verarbeitet personenbezogene Daten ausschlie\u00dflich im Rahmen eines <strong>Auftragsverarbeitungsvertrags gem\u00e4\u00df Art. 28 DSGVO<\/strong>.<\/p>\n\n\n\n<p>Weitere Informationen zur Datenverarbeitung durch STRATO finden Sie unter:<br><a href=\"https:\/\/www.strato.de\/datenschutz\/\">https:\/\/www.strato.de\/datenschutz\/<\/a><\/p>\n\n\n\n<h4 class=\"wp-block-heading\">5. Kontaktaufnahme<\/h4>\n\n\n\n<p>Wenn Sie uns per E-Mail oder \u00fcber ein Kontaktformular kontaktieren, werden die von Ihnen \u00fcbermittelten Daten (z. B. Name, E-Mail-Adresse und Nachricht) gespeichert, um Ihre Anfrage zu bearbeiten.<\/p>\n\n\n\n<p>Die Verarbeitung erfolgt auf Grundlage von:<\/p>\n\n\n\n<ul class=\"wp-block-list\">\n<li><strong>Art. 6 Abs. 1 lit. b DSGVO<\/strong>, sofern Ihre Anfrage mit der Anbahnung oder Durchf\u00fchrung eines Vertrags zusammenh\u00e4ngt<\/li>\n\n\n\n<li><strong>Art. 6 Abs. 1 lit. f DSGVO<\/strong>, sofern ein berechtigtes Interesse an der Bearbeitung Ihrer Anfrage besteht<\/li>\n<\/ul>\n\n\n\n<p>Die Daten werden gel\u00f6scht, sobald sie f\u00fcr den Zweck der Verarbeitung nicht mehr erforderlich sind und keine gesetzlichen Aufbewahrungspflichten bestehen.<\/p>\n\n\n\n<p>Falls auf dieser Website ein Kontaktformular verwendet wird, erfolgt die technische Bereitstellung \u00fcber folgendes WordPress-Plugin:<\/p>\n\n\n\n<ul class=\"wp-block-list\">\n<li>Contact Form 7<\/li>\n\n\n\n<li>Brevo<\/li>\n<\/ul>\n\n\n\n<h5 class=\"wp-block-heading has-large-font-size\">5.1 mosparo<\/h5>\n\n\n\n<p>Wir nutzen mosparo.io (im Folgenden \u201emosparo\u201c) auf dieser Website. mosparo ist eine Open-Source Software, welche unter der unter der&nbsp;<a href=\"https:\/\/opensource.org\/licenses\/MIT\">MIT License<\/a>&nbsp;vertrieben wird. Der mosparo Services wird auf vom Webseiten Betreiber verwaltenden Servern betrieben.<\/p>\n\n\n\n<p>Mit mosparo soll \u00fcberpr\u00fcft werden, ob die Dateneingabe auf dieser Website (z. B. in einem Kontaktformular) durch einen Menschen oder durch ein automatisiertes Programm erfolgt. Hierzu analysiert mosparo das Verhalten des Websitebesuchers anhand verschiedener Merkmale.<\/p>\n\n\n\n<p>Diese Analyse beginnt automatisch, sobald der Websitebesucher eine Website mit aktiviertem mosparo betritt. Zur Analyse wertet mosparo verschiedene Informationen aus (z. B. IP-Adresse, Verweildauer des Websitebesuchers auf der Website oder vom Nutzer get\u00e4tigte Mausbewegungen). Die bei der Analyse erfassten Daten werden verschl\u00fcsselt an den mosparo Server weitergeleitet.<\/p>\n\n\n\n<p>Die Speicherung und Analyse der Daten erfolgt auf Grundlage von Art. 6 Abs. 1 lit. f DSGVO. Der Websitebetreiber hat ein berechtigtes Interesse daran, seine Webangebote vor missbr\u00e4uchlicher automatisierter Aussp\u00e4hung und vor SPAM zu sch\u00fctzen. Sofern eine entsprechende Einwilligung abgefragt wurde, erfolgt die Verarbeitung ausschlie\u00dflich auf Grundlage von Art. 6 Abs. 1 lit. a DSGVO und \u00a7 25 Abs. 1 TTDSG, soweit die Einwilligung die Speicherung von Cookies oder den Zugriff auf Informationen im Endger\u00e4t des Nutzers (z. B. Device-Fingerprinting) im Sinne des TTDSG umfasst. Die Einwilligung ist jederzeit widerrufbar.<\/p>\n\n\n\n<p>Weitere Informationen zu mosparo entnehmen Sie der Webseite:&nbsp;<a href=\"https:\/\/mosparo.io\/about-mosparo\/\">https:\/\/mosparo.io\/about-mosparo\/<\/a><\/p>\n\n\n\n<h4 class=\"wp-block-heading\">6. Newsletter<\/h4>\n\n\n\n<p>Wenn Sie unseren Newsletter abonnieren, verwenden wir Ihre E-Mail-Adresse ausschlie\u00dflich f\u00fcr den Versand des Newsletters.<\/p>\n\n\n\n<p>Der Versand erfolgt \u00fcber den Dienst <strong>Brevo<\/strong> (ehemals Sendinblue).<\/p>\n\n\n\n<p>Anbieter:<br>Sendinblue GmbH<br>K\u00f6penicker Stra\u00dfe 126<br>10179 Berlin<br>\u0110\u1ee9c<\/p>\n\n\n\n<p>Brevo erm\u00f6glicht uns die Organisation und Analyse des Newsletterversands. Die von Ihnen zum Zweck des Newsletterbezugs eingegebenen Daten werden auf den Servern von Brevo gespeichert.<\/p>\n\n\n\n<p>Der Versand erfolgt auf Grundlage Ihrer <strong>Einwilligung gem\u00e4\u00df Art. 6 Abs. 1 lit. a DSGVO<\/strong>.<\/p>\n\n\n\n<p>Sie k\u00f6nnen Ihre Einwilligung jederzeit widerrufen, zum Beispiel \u00fcber den Abmeldelink im Newsletter.<\/p>\n\n\n\n<p>Weitere Informationen zur Datenverarbeitung durch Brevo finden Sie unter:<br><a href=\"https:\/\/www.brevo.com\/de\/legal\/privacypolicy\/\">https:\/\/www.brevo.com\/de\/legal\/privacypolicy\/<\/a><\/p>\n\n\n\n<h4 class=\"wp-block-heading\">7. Cookies<\/h4>\n\n\n\n<p>Unsere Website kann technische und optionale Cookies verwenden. Cookies sind kleine Textdateien, die auf Ihrem Endger\u00e4t gespeichert werden.<\/p>\n\n\n\n<p>Man unterscheidet zwischen:<\/p>\n\n\n\n<p><strong>Technisch notwendigen Cookies<\/strong><strong><br><\/strong>Diese sind erforderlich, um grundlegende Funktionen der Website bereitzustellen.<\/p>\n\n\n\n<p><strong>Optionale Cookies<\/strong><strong><br><\/strong>Diese dienen beispielsweise statistischen Auswertungen oder Komfortfunktionen.<\/p>\n\n\n\n<p>Technisch notwendige Cookies werden auf Grundlage von <strong>\u00a725 Abs. 2 TTDSG sowie Art. 6 Abs. 1 lit. f DSGVO<\/strong> gespeichert. <\/p>\n\n\n\n<p>Zur Verwaltung der eingesetzten Cookies und \u00e4hnlichen Technologien (Tracking-Pixel, Web-Beacons etc.) und diesbez\u00fcglicher Einwilligungen setzen wir das Consent Tool &#8222;Real Cookie Banner&#8220; ein. Details zur Funktionsweise von &#8222;Real Cookie Banner&#8220; findest du unter <a href=\"https:\/\/devowl.io\/de\/rcb\/datenverarbeitung\/\" target=\"_blank\" rel=\"noreferrer noopener\">https:\/\/devowl.io\/de\/rcb\/datenverarbeitung\/<\/a>.<\/p>\n\n\n\n<p>Rechtsgrundlagen f\u00fcr die Verarbeitung von personenbezogenen Daten in diesem Zusammenhang sind Art. 6 Abs. 1 lit. c DS-GVO und Art. 6 Abs. 1 lit. f DS-GVO. Unser berechtigtes Interesse ist die Verwaltung der eingesetzten Cookies und \u00e4hnlichen Technologien und der diesbez\u00fcglichen Einwilligungen.<\/p>\n\n\n\n<p>Die Bereitstellung der personenbezogenen Daten ist weder vertraglich vorgeschrieben noch f\u00fcr den Abschluss eines Vertrages notwendig. Du bist nicht verpflichtet die personenbezogenen Daten bereitzustellen. Wenn du die personenbezogenen Daten nicht bereitstellst, k\u00f6nnen wir deine Einwilligungen nicht verwalten.<\/p>\n\n\n\n<h4 class=\"wp-block-heading\">8. Social-Media-Pr\u00e4senzen<\/h4>\n\n\n\n<p>BerlinZusammen e.V. betreibt \u00f6ffentliche Profile in sozialen Netzwerken, um \u00fcber unsere Arbeit zu informieren und mit Interessierten zu kommunizieren.<\/p>\n\n\n\n<p>Wenn Sie unsere Social-Media-Seiten besuchen, k\u00f6nnen durch die Betreiber der Plattformen personenbezogene Daten verarbeitet werden. Dazu k\u00f6nnen unter anderem geh\u00f6ren:<\/p>\n\n\n\n<ul class=\"wp-block-list\">\n<li>IP-Adresse<\/li>\n\n\n\n<li>Nutzungsverhalten<\/li>\n\n\n\n<li>Interaktionen (z. B. Likes oder Kommentare)<\/li>\n\n\n\n<li>technische Informationen \u00fcber das verwendete Ger\u00e4t<\/li>\n<\/ul>\n\n\n\n<p>Diese Datenverarbeitung erfolgt in Verantwortung der jeweiligen Plattformbetreiber.<\/p>\n\n\n\n<p>Weitere Informationen finden Sie in den Datenschutzerkl\u00e4rungen der jeweiligen Anbieter:<\/p>\n\n\n\n<p>Instagram<br><a href=\"https:\/\/privacycenter.instagram.com\/\">https:\/\/privacycenter.instagram.com\/<\/a><\/p>\n\n\n\n<p>LinkedIn<br><a href=\"https:\/\/www.linkedin.com\/legal\/privacy-policy\">https:\/\/www.linkedin.com\/legal\/privacy-policy<\/a><\/p>\n\n\n\n<p>Bluesky<br><a href=\"https:\/\/bsky.social\/about\/support\/privacy-policy\">https:\/\/bsky.social\/about\/support\/privacy-policy<\/a><\/p>\n\n\n\n<p>Wenn Sie \u00fcber Social Media mit uns kommunizieren, verarbeiten wir die von Ihnen bereitgestellten Daten ausschlie\u00dflich zur Bearbeitung Ihrer Anfrage oder Ihres Kommentars.<\/p>\n\n\n\n<h4 class=\"wp-block-heading\">9. Einbindung von YouTube-Videos<\/h4>\n\n\n\n<p>Auf unserer Website k\u00f6nnen Videos der Plattform YouTube eingebunden sein.<\/p>\n\n\n\n<p>Anbieter ist:<br>Google Ireland Limited<br>Gordon House, Barrow Street<br>Dublin 4<br>Irland<\/p>\n\n\n\n<p>Die Einbindung erfolgt im erweiterten Datenschutzmodus (\u201eyoutube-nocookie\u201c). Dadurch werden laut YouTube zun\u00e4chst keine Informationen \u00fcber Besucher dieser Website gespeichert.<\/p>\n\n\n\n<p>Erst wenn Sie ein Video aktiv abspielen, kann eine Verbindung zu den Servern von YouTube hergestellt werden. Dabei kann YouTube Informationen dar\u00fcber erhalten, welche unserer Seiten Sie besucht haben.<\/p>\n\n\n\n<p>Wenn Sie in Ihrem YouTube-Account eingeloggt sind, erm\u00f6glichen Sie YouTube, Ihr Surfverhalten direkt Ihrem pers\u00f6nlichen Profil zuzuordnen.<\/p>\n\n\n\n<p>Die Nutzung von YouTube erfolgt im Interesse einer ansprechenden Darstellung unserer Online-Angebote. Dies stellt ein berechtigtes Interesse im Sinne von Art. 6 Abs. 1 lit. f DSGVO dar.<\/p>\n\n\n\n<p>Weitere Informationen zum Datenschutz bei YouTube finden Sie unter:<br><a href=\"https:\/\/policies.google.com\/privacy\">https:\/\/policies.google.com\/privacy<\/a><\/p>\n\n\n\n<h4 class=\"wp-block-heading\">10. Einbindung von <strong>Vimeo<\/strong>-Videos<\/h4>\n\n\n\n<p>Auf unserer Website binden wir Videos des Videoportals Vimeo ein. Betreiber des Videoportals ist Vimeo Inc., 555 West 18th Street, New York, New York 10011, USA.<\/p>\n\n\n\n<p>Wenn Sie eine unserer Seiten besuchen, auf der ein Vimeo-Video eingebettet ist, wird eine Verbindung zu den Servern von Vimeo hergestellt. Dabei wird dem Vimeo-Server mitgeteilt, welche unserer Seiten Sie besucht haben. Zudem erlangt Vimeo Ihre IP-Adresse. Dies gilt auch dann, wenn Sie nicht bei Vimeo eingeloggt sind oder kein Konto bei Vimeo besitzen.<\/p>\n\n\n\n<p>Die von Vimeo erfassten Informationen werden an den Vimeo-Server in den USA \u00fcbermittelt. Rechtsgrundlage f\u00fcr die Datenverarbeitung ist Art. 6 Abs. 1 lit. a DSGVO (Einwilligung) sowie Art. 6 Abs. 1 lit. f DSGVO (berechtigtes Interesse an einer ansprechenden Darstellung unserer Online-Angebote).<\/p>\n\n\n\n<p>Vimeo verwendet Cookies bzw. vergleichbare Wiedererkennungstechnologien (z. B. Device-Fingerprinting), um Websitebesucher wiederzuerkennen.<\/p>\n\n\n\n<p>Wenn Sie in Ihrem Vimeo-Account eingeloggt sind, erm\u00f6glichen Sie Vimeo, Ihr Surfverhalten direkt Ihrem pers\u00f6nlichen Profil zuzuordnen. Dies k\u00f6nnen Sie verhindern, indem Sie sich aus Ihrem Vimeo-Account ausloggen.<\/p>\n\n\n\n<p>Die Daten\u00fcbertragung in die USA wird auf die Standardvertragsklauseln der EU-Kommission gest\u00fctzt. Details finden Sie hier: <a href=\"https:\/\/vimeo.com\/privacy\">https:\/\/vimeo.com\/privacy<\/a><\/p>\n\n\n\n<p>Weitere Informationen zum Umgang mit Nutzerdaten finden Sie in der Datenschutzerkl\u00e4rung von Vimeo unter: <a href=\"https:\/\/vimeo.com\/privacy\">https:\/\/vimeo.com\/privacy<\/a><\/p>\n\n\n\n<h4 class=\"wp-block-heading\">11. Verlinkungen zu externen Websites<\/h4>\n\n\n\n<p>Unsere Website kann Links zu externen Websites enthalten.<\/p>\n\n\n\n<p>Wenn Sie einem solchen Link folgen, weisen wir darauf hin, dass wir keinen Einfluss auf die Inhalte und Datenschutzpraktiken dieser Websites haben.<\/p>\n\n\n\n<p>F\u00fcr die Verarbeitung personenbezogener Daten auf den verlinkten Seiten sind ausschlie\u00dflich die jeweiligen Betreiber verantwortlich.<\/p>\n\n\n\n<h4 class=\"wp-block-heading\">12. Ihre Rechte<\/h4>\n\n\n\n<p>Sie haben im Rahmen der geltenden gesetzlichen Bestimmungen folgende Rechte:<\/p>\n\n\n\n<ul class=\"wp-block-list\">\n<li>Recht auf <strong>Auskunft<\/strong> \u00fcber Ihre gespeicherten Daten (Art. 15 DSGVO)<\/li>\n\n\n\n<li>Recht auf <strong>Berichtigung<\/strong> unrichtiger Daten (Art. 16 DSGVO)<\/li>\n\n\n\n<li>Recht auf <strong>L\u00f6schung<\/strong> Ihrer Daten (Art. 17 DSGVO)<\/li>\n\n\n\n<li>Recht auf <strong>Einschr\u00e4nkung der Verarbeitung<\/strong> (Art. 18 DSGVO)<\/li>\n\n\n\n<li>Recht auf <strong>Daten\u00fcbertragbarkeit<\/strong> (Art. 20 DSGVO)<\/li>\n\n\n\n<li>Recht auf <strong>Widerspruch gegen die Verarbeitung<\/strong> (Art. 21 DSGVO)<\/li>\n<\/ul>\n\n\n\n<p>Zur Aus\u00fcbung Ihrer Rechte k\u00f6nnen Sie sich jederzeit an uns wenden.<\/p>\n\n\n\n<h4 class=\"wp-block-heading\">13. Widerruf einer Einwilligung<\/h4>\n\n\n\n<p>Viele Datenverarbeitungsvorg\u00e4nge sind nur mit Ihrer ausdr\u00fccklichen Einwilligung m\u00f6glich.<\/p>\n\n\n\n<p>Sie k\u00f6nnen eine bereits erteilte Einwilligung jederzeit widerrufen. Die Rechtm\u00e4\u00dfigkeit der bis zum Widerruf erfolgten Datenverarbeitung bleibt davon unber\u00fchrt.<\/p>\n\n\n\n<h4 class=\"wp-block-heading\">14. Beschwerderecht bei der Aufsichtsbeh\u00f6rde<\/h4>\n\n\n\n<p>Sie haben das Recht, sich bei einer Datenschutzaufsichtsbeh\u00f6rde \u00fcber die Verarbeitung Ihrer personenbezogenen Daten zu beschweren.<\/p>\n\n\n\n<p>Zust\u00e4ndige Aufsichtsbeh\u00f6rde in Berlin ist:<\/p>\n\n\n\n<p>Berliner Beauftragte f\u00fcr Datenschutz und Informationsfreiheit<br>Alt-Moabit 59\u201361<br>10555 Berlin<\/p>\n\n\n\n<p><a href=\"https:\/\/www.datenschutz-berlin.de\">https:\/\/www.datenschutz-berlin.de<\/a><\/p>\n\n\n\n<h4 class=\"wp-block-heading\">15. Aktualit\u00e4t dieser Datenschutzerkl\u00e4rung<\/h4>\n\n\n\n<p>Diese Datenschutzerkl\u00e4rung wird regelm\u00e4\u00dfig aktualisiert, um rechtliche Anforderungen umzusetzen oder \u00c4nderungen unserer Angebote abzubilden.<\/p>\n\n\n\n<p>Stand:. April 2026<\/p>\n<\/div>\n\n\n\n<p><\/p>","protected":false},"excerpt":{"rendered":"<p>1. Verantwortliche Stelle Verantwortlich f\u00fcr die Datenverarbeitung auf dieser Website ist: BerlinZusammen e.V.Audre-Lorde-Str. 2610997 BerlinDeutschland E-Mail: info (at) berlinzusammen.de Der Verein wird vertreten durch den Vorstand. 2. Allgemeine Hinweise zur Datenverarbeitung Der Schutz Ihrer personenbezogenen Daten ist uns ein wichtiges Anliegen. Wir behandeln Ihre personenbezogenen Daten vertraulich und entsprechend der gesetzlichen Datenschutzvorschriften, insbesondere der Datenschutz-Grundverordnung [&hellip;]<\/p>\n","protected":false},"author":1,"featured_media":0,"parent":0,"menu_order":0,"comment_status":"closed","ping_status":"open","template":"","meta":{"_acf_changed":false,"footnotes":""},"class_list":["post-3","page","type-page","status-publish","hentry"],"acf":[],"_links":{"self":[{"href":"https:\/\/berlinzusammen.de\/vi\/wp-json\/wp\/v2\/pages\/3","targetHints":{"allow":["GET"]}}],"collection":[{"href":"https:\/\/berlinzusammen.de\/vi\/wp-json\/wp\/v2\/pages"}],"about":[{"href":"https:\/\/berlinzusammen.de\/vi\/wp-json\/wp\/v2\/types\/page"}],"author":[{"embeddable":true,"href":"https:\/\/berlinzusammen.de\/vi\/wp-json\/wp\/v2\/users\/1"}],"replies":[{"embeddable":true,"href":"https:\/\/berlinzusammen.de\/vi\/wp-json\/wp\/v2\/comments?post=3"}],"version-history":[{"count":4,"href":"https:\/\/berlinzusammen.de\/vi\/wp-json\/wp\/v2\/pages\/3\/revisions"}],"predecessor-version":[{"id":397,"href":"https:\/\/berlinzusammen.de\/vi\/wp-json\/wp\/v2\/pages\/3\/revisions\/397"}],"wp:attachment":[{"href":"https:\/\/berlinzusammen.de\/vi\/wp-json\/wp\/v2\/media?parent=3"}],"curies":[{"name":"wp","href":"https:\/\/api.w.org\/{rel}","templated":true}]}}