{"id":45,"date":"2026-03-04T13:18:30","date_gmt":"2026-03-04T12:18:30","guid":{"rendered":"https:\/\/berlinzusammen.de\/?page_id=45"},"modified":"2026-03-09T08:03:00","modified_gmt":"2026-03-09T07:03:00","slug":"impressum","status":"publish","type":"page","link":"https:\/\/berlinzusammen.de\/vi\/impressum\/","title":{"rendered":"Th\u00f4ng tin ph\u00e1p l\u00fd"},"content":{"rendered":"<div class=\"wp-block-group is-vertical is-layout-flex wp-container-core-group-is-layout-c35747d5 wp-block-group-is-layout-flex\"><h2 class=\"wp-block-post-title\">Th\u00f4ng tin ph\u00e1p l\u00fd<\/h2>\n\n\n<h4 class=\"wp-block-heading\">\u0110\u1ecba ch\u1ec9 b\u01b0u \u0111i\u1ec7n<\/h4>\n\n\n\n<p>Hi\u1ec7p h\u1ed9i BerlinZusammen e.V.<br>S\u1ed1 26, \u0111\u01b0\u1eddng Audre Lorde<br>10997 Berlin<br>\u0110\u1ee9c<\/p>\n\n\n\n<h4 class=\"wp-block-heading\">Li\u00ean h\u1ec7 b\u00e1o ch\u00ed<\/h4>\n\n\n\n<p>Email: presse (at) berlinzusammen.de<\/p>\n\n\n\n<h4 class=\"wp-block-heading\">Tr\u00e1ch nhi\u1ec7m ph\u00e1p l\u00fd v\u1ec1 n\u1ed9i dung<\/h4>\n\n\n\n<p>N\u1ed9i dung tr\u00ean trang web c\u1ee7a ch\u00fang t\u00f4i \u0111\u01b0\u1ee3c bi\u00ean so\u1ea1n v\u1edbi s\u1ef1 c\u1ea9n tr\u1ecdng t\u1ed1i \u0111a. Tuy nhi\u00ean, ch\u00fang t\u00f4i kh\u00f4ng th\u1ec3 \u0111\u1ea3m b\u1ea3o t\u00ednh ch\u00ednh x\u00e1c, \u0111\u1ea7y \u0111\u1ee7 v\u00e0 c\u1eadp nh\u1eadt c\u1ee7a n\u1ed9i dung. V\u1edbi t\u01b0 c\u00e1ch l\u00e0 nh\u00e0 cung c\u1ea5p d\u1ecbch v\u1ee5, theo \u0110i\u1ec1u 7, Kho\u1ea3n 1 c\u1ee7a Lu\u1eadt D\u1ecbch v\u1ee5 Truy\u1ec1n th\u00f4ng (TMG), ch\u00fang t\u00f4i ch\u1ecbu tr\u00e1ch nhi\u1ec7m v\u1ec1 n\u1ed9i dung do ch\u00ednh m\u00ecnh \u0111\u0103ng t\u1ea3i tr\u00ean trang web n\u00e0y theo c\u00e1c quy \u0111\u1ecbnh ph\u00e1p lu\u1eadt chung. Tuy nhi\u00ean, theo c\u00e1c \u0110i\u1ec1u 8 \u0111\u1ebfn 10 c\u1ee7a TMG, v\u1edbi t\u01b0 c\u00e1ch l\u00e0 nh\u00e0 cung c\u1ea5p d\u1ecbch v\u1ee5, ch\u00fang t\u00f4i kh\u00f4ng c\u00f3 ngh\u0129a v\u1ee5 gi\u00e1m s\u00e1t th\u00f4ng tin c\u1ee7a b\u00ean th\u1ee9 ba \u0111\u01b0\u1ee3c truy\u1ec1n t\u1ea3i ho\u1eb7c l\u01b0u tr\u1eef, c\u0169ng nh\u01b0 kh\u00f4ng c\u00f3 ngh\u0129a v\u1ee5 \u0111i\u1ec1u tra c\u00e1c t\u00ecnh hu\u1ed1ng c\u00f3 d\u1ea5u hi\u1ec7u vi ph\u1ea1m ph\u00e1p lu\u1eadt. C\u00e1c ngh\u0129a v\u1ee5 v\u1ec1 vi\u1ec7c x\u00f3a b\u1ecf ho\u1eb7c ch\u1eb7n vi\u1ec7c s\u1eed d\u1ee5ng th\u00f4ng tin theo c\u00e1c quy \u0111\u1ecbnh ph\u00e1p lu\u1eadt chung v\u1eabn \u0111\u01b0\u1ee3c gi\u1eef nguy\u00ean. Tuy nhi\u00ean, tr\u00e1ch nhi\u1ec7m ph\u00e1p l\u00fd li\u00ean quan ch\u1ec9 c\u00f3 th\u1ec3 ph\u00e1t sinh k\u1ec3 t\u1eeb th\u1eddi \u0111i\u1ec3m bi\u1ebft \u0111\u01b0\u1ee3c vi ph\u1ea1m ph\u00e1p lu\u1eadt c\u1ee5 th\u1ec3. Khi ph\u00e1t hi\u1ec7n c\u00e1c vi ph\u1ea1m ph\u00e1p lu\u1eadt t\u01b0\u01a1ng \u1ee9ng, ch\u00fang t\u00f4i s\u1ebd x\u00f3a n\u1ed9i dung \u0111\u00f3 ngay l\u1eadp t\u1ee9c.<\/p>\n\n\n\n<h4 class=\"wp-block-heading\">Tr\u00e1ch nhi\u1ec7m ph\u00e1p l\u00fd \u0111\u1ed1i v\u1edbi c\u00e1c li\u00ean k\u1ebft<\/h4>\n\n\n\n<p>Trang web c\u1ee7a ch\u00fang t\u00f4i ch\u1ee9a c\u00e1c li\u00ean k\u1ebft \u0111\u1ebfn c\u00e1c trang web b\u00ean th\u1ee9 ba m\u00e0 ch\u00fang t\u00f4i kh\u00f4ng c\u00f3 quy\u1ec1n ki\u1ec3m so\u00e1t n\u1ed9i dung. Do \u0111\u00f3, ch\u00fang t\u00f4i kh\u00f4ng th\u1ec3 ch\u1ecbu tr\u00e1ch nhi\u1ec7m v\u1ec1 c\u00e1c n\u1ed9i dung b\u00ean ngo\u00e0i n\u00e0y. Nh\u00e0 cung c\u1ea5p ho\u1eb7c \u0111\u01a1n v\u1ecb v\u1eadn h\u00e0nh t\u01b0\u01a1ng \u1ee9ng lu\u00f4n ch\u1ecbu tr\u00e1ch nhi\u1ec7m v\u1ec1 n\u1ed9i dung c\u1ee7a c\u00e1c trang \u0111\u01b0\u1ee3c li\u00ean k\u1ebft. C\u00e1c trang \u0111\u01b0\u1ee3c li\u00ean k\u1ebft \u0111\u00e3 \u0111\u01b0\u1ee3c ki\u1ec3m tra v\u1ec1 kh\u1ea3 n\u0103ng vi ph\u1ea1m ph\u00e1p lu\u1eadt t\u1ea1i th\u1eddi \u0111i\u1ec3m \u0111\u1eb7t li\u00ean k\u1ebft. Kh\u00f4ng ph\u00e1t hi\u1ec7n th\u1ea5y n\u1ed9i dung vi ph\u1ea1m ph\u00e1p lu\u1eadt t\u1ea1i th\u1eddi \u0111i\u1ec3m \u0111\u1eb7t li\u00ean k\u1ebft. Tuy nhi\u00ean, vi\u1ec7c ki\u1ec3m so\u00e1t n\u1ed9i dung li\u00ean t\u1ee5c c\u1ee7a c\u00e1c trang \u0111\u01b0\u1ee3c li\u00ean k\u1ebft l\u00e0 kh\u00f4ng h\u1ee3p l\u00fd n\u1ebfu kh\u00f4ng c\u00f3 b\u1eb1ng ch\u1ee9ng c\u1ee5 th\u1ec3 v\u1ec1 vi ph\u1ea1m ph\u00e1p lu\u1eadt. Khi ph\u00e1t hi\u1ec7n vi ph\u1ea1m ph\u00e1p lu\u1eadt, ch\u00fang t\u00f4i s\u1ebd x\u00f3a ngay c\u00e1c li\u00ean k\u1ebft \u0111\u00f3.<\/p>\n\n\n\n<h4 class=\"wp-block-heading\">B\u1ea3n quy\u1ec1n<\/h4>\n\n\n\n<p>C\u00e1c n\u1ed9i dung v\u00e0 t\u00e1c ph\u1ea9m tr\u00ean trang web n\u00e0y do ng\u01b0\u1eddi qu\u1ea3n tr\u1ecb trang t\u1ea1o ra \u0111\u1ec1u thu\u1ed9c ph\u1ea1m vi \u0111i\u1ec1u ch\u1ec9nh c\u1ee7a Lu\u1eadt B\u1ea3n quy\u1ec1n \u0110\u1ee9c. Vi\u1ec7c sao ch\u00e9p, ch\u1ec9nh s\u1eeda, ph\u1ed5 bi\u1ebfn v\u00e0 m\u1ecdi h\u00ecnh th\u1ee9c khai th\u00e1c ngo\u00e0i ph\u1ea1m vi cho ph\u00e9p c\u1ee7a Lu\u1eadt B\u1ea3n quy\u1ec1n \u0111\u1ec1u ph\u1ea3i c\u00f3 s\u1ef1 \u0111\u1ed3ng \u00fd b\u1eb1ng v\u0103n b\u1ea3n c\u1ee7a t\u00e1c gi\u1ea3 ho\u1eb7c ng\u01b0\u1eddi t\u1ea1o ra n\u1ed9i dung t\u01b0\u01a1ng \u1ee9ng. Vi\u1ec7c t\u1ea3i xu\u1ed1ng v\u00e0 sao ch\u00e9p trang web n\u00e0y ch\u1ec9 \u0111\u01b0\u1ee3c ph\u00e9p cho m\u1ee5c \u0111\u00edch s\u1eed d\u1ee5ng c\u00e1 nh\u00e2n, phi th\u01b0\u01a1ng m\u1ea1i. Trong tr\u01b0\u1eddng h\u1ee3p n\u1ed9i dung tr\u00ean trang n\u00e0y kh\u00f4ng do nh\u00e0 \u0111i\u1ec1u h\u00e0nh t\u1ea1o ra, ch\u00fang t\u00f4i s\u1ebd tu\u00e2n th\u1ee7 c\u00e1c quy\u1ec1n t\u00e1c gi\u1ea3 c\u1ee7a b\u00ean th\u1ee9 ba. \u0110\u1eb7c bi\u1ec7t, n\u1ed9i dung c\u1ee7a b\u00ean th\u1ee9 ba s\u1ebd \u0111\u01b0\u1ee3c \u0111\u00e1nh d\u1ea5u r\u00f5 r\u00e0ng. N\u1ebfu qu\u00fd v\u1ecb v\u1eabn ph\u00e1t hi\u1ec7n ra vi ph\u1ea1m quy\u1ec1n t\u00e1c gi\u1ea3, xin vui l\u00f2ng th\u00f4ng b\u00e1o cho ch\u00fang t\u00f4i. Khi ph\u00e1t hi\u1ec7n vi ph\u1ea1m ph\u00e1p lu\u1eadt, ch\u00fang t\u00f4i s\u1ebd x\u00f3a ngay l\u1eadp t\u1ee9c c\u00e1c n\u1ed9i dung \u0111\u00f3.<\/p>\n<\/div>","protected":false},"excerpt":{"rendered":"<p>Postanschrift BerlinZusammen e.V.Audre-Lorde-Str. 2610997 BerlinDeutschland Pressekontakt E-Mail: presse (at) berlinzusammen.de Haftung f\u00fcr Inhalte Die Inhalte unserer Seiten wurden mit gr\u00f6\u00dfter Sorgfalt erstellt. F\u00fcr die Richtigkeit, Vollst\u00e4ndigkeit und Aktualit\u00e4t der Inhalte k\u00f6nnen wir jedoch keine Gew\u00e4hr \u00fcbernehmen. Als Diensteanbieter sind wir gem\u00e4\u00df \u00a7 7 Abs.1 TMG f\u00fcr eigene Inhalte auf diesen Seiten nach den allgemeinen Gesetzen [&hellip;]<\/p>\n","protected":false},"author":1,"featured_media":0,"parent":0,"menu_order":0,"comment_status":"closed","ping_status":"closed","template":"","meta":{"_acf_changed":false,"footnotes":""},"class_list":["post-45","page","type-page","status-publish","hentry"],"acf":[],"_links":{"self":[{"href":"https:\/\/berlinzusammen.de\/vi\/wp-json\/wp\/v2\/pages\/45","targetHints":{"allow":["GET"]}}],"collection":[{"href":"https:\/\/berlinzusammen.de\/vi\/wp-json\/wp\/v2\/pages"}],"about":[{"href":"https:\/\/berlinzusammen.de\/vi\/wp-json\/wp\/v2\/types\/page"}],"author":[{"embeddable":true,"href":"https:\/\/berlinzusammen.de\/vi\/wp-json\/wp\/v2\/users\/1"}],"replies":[{"embeddable":true,"href":"https:\/\/berlinzusammen.de\/vi\/wp-json\/wp\/v2\/comments?post=45"}],"version-history":[{"count":0,"href":"https:\/\/berlinzusammen.de\/vi\/wp-json\/wp\/v2\/pages\/45\/revisions"}],"wp:attachment":[{"href":"https:\/\/berlinzusammen.de\/vi\/wp-json\/wp\/v2\/media?parent=45"}],"curies":[{"name":"wp","href":"https:\/\/api.w.org\/{rel}","templated":true}]}}