{"id":53,"date":"2026-03-04T13:19:45","date_gmt":"2026-03-04T12:19:45","guid":{"rendered":"https:\/\/berlinzusammen.de\/?page_id=53"},"modified":"2026-04-13T19:34:57","modified_gmt":"2026-04-13T17:34:57","slug":"kalender","status":"publish","type":"page","link":"https:\/\/berlinzusammen.de\/vi\/kalender\/","title":{"rendered":"L\u1ecbch"},"content":{"rendered":"<div class=\"wp-block-group has-global-padding is-layout-constrained wp-block-group-is-layout-constrained\"><div class=\"bz-event-calendar wp-block-berlinzusammen-event-calendar\">\n\n\t<div class=\"bz-cal-header\">\n\t\t<a class=\"bz-cal-nav\" href=\"\/vi\/wp-json\/wp\/v2\/pages\/53?bz_month=2026-03\" aria-label=\"Vorheriger Monat\">\u2039<\/a>\n\t\t<h2 class=\"bz-cal-title\">Th\u00e1ng 4 n\u0103m 2026<\/h2>\n\t\t<a class=\"bz-cal-nav\" href=\"\/vi\/wp-json\/wp\/v2\/pages\/53?bz_month=2026-05\" aria-label=\"N\u00e4chster Monat\">\u203a<\/a>\n\t<\/div>\n\n\t<div class=\"bz-cal-legend\" role=\"list\" aria-label=\"Legende\">\n\t\t\t\t\t<span class=\"bz-cal-legend-item\" role=\"listitem\">\n\t\t\t\t<span class=\"bz-cal-legend-dot\" style=\"background:#93FF00;\" aria-hidden=\"true\"><\/span>\n\t\t\t\tC\u00e1c bu\u1ed5i h\u1ecdp m\u1edf\/H\u1ed9i ngh\u1ecb to\u00e0n th\u1ec3\t\t\t<\/span>\n\t\t\t\t\t<span class=\"bz-cal-legend-item\" role=\"listitem\">\n\t\t\t\t<span class=\"bz-cal-legend-dot\" style=\"background:#7E3CFF;\" aria-hidden=\"true\"><\/span>\n\t\t\t\tC\u00e1c nh\u00f3m l\u00e0m vi\u1ec7c\t\t\t<\/span>\n\t\t\t\t\t<span class=\"bz-cal-legend-item\" role=\"listitem\">\n\t\t\t\t<span class=\"bz-cal-legend-dot\" style=\"background:#FFCCE1;\" aria-hidden=\"true\"><\/span>\n\t\t\t\tC\u00e1c bu\u1ed5i h\u1ed9i th\u1ea3o\t\t\t<\/span>\n\t\t\t\t\t<span class=\"bz-cal-legend-item\" role=\"listitem\">\n\t\t\t\t<span class=\"bz-cal-legend-dot\" style=\"background:#FDAE17;\" aria-hidden=\"true\"><\/span>\n\t\t\t\tC\u00e1c ho\u1ea1t \u0111\u1ed9ng trong khu ph\u1ed1\t\t\t<\/span>\n\t\t\t\t\t<span class=\"bz-cal-legend-item\" role=\"listitem\">\n\t\t\t\t<span class=\"bz-cal-legend-dot\" style=\"background:#FF9316;\" aria-hidden=\"true\"><\/span>\n\t\t\t\tC\u00e1c s\u1ef1 ki\u1ec7n li\u00ean quan \u0111\u1ebfn cu\u1ed9c b\u1ea7u c\u1eed n\u0103m 2026\t\t\t<\/span>\n\t\t\t<\/div>\n\n\t<!-- Mobile Listenansicht ------------------------------------------------- -->\n\t<div class=\"bz-cal-list\" aria-label=\"Th\u00e1ng 4 n\u0103m 2026\">\n\t\t\t\t\t<div class=\"bz-cal-list-row\">\n\t\t\t\t<div class=\"bz-cal-list-date\" aria-hidden=\"true\">\n\t\t\t\t\t<span class=\"bz-cal-list-nr\">2<\/span>\n\t\t\t\t\t<span class=\"bz-cal-list-wd\">Th\u1ee9 N\u0103m<\/span>\n\t\t\t\t<\/div>\n\t\t\t\t<div class=\"bz-cal-list-events\">\n\t\t\t\t\t\t\t\t\t\t\t<div class=\"bz-cal-list-event-wrap\">\n\t\t\t\t\t\t\t<a\n\t\t\t\t\t\t\t\thref=\"https:\/\/berlinzusammen.de\/vi\/events\/ag-kommunikation\/\"\n\t\t\t\t\t\t\t\tclass=\"bz-cal-event\"\n\t\t\t\t\t\t\t\tstyle=\"background:#7E3CFF;color:#ffffff;\"\n\t\t\t\t\t\t\t>Nh\u00f3m Truy\u1ec1n th\u00f4ng<\/a>\n\t\t\t\t\t\t\t\t\t\t\t\t\t\t\t<ul class=\"bz-cal-list-meta\">\n\t\t\t\t\t\t\t\t\t<li>17:00<\/li>\t\t\t\t\t\t\t\t\t<li>lai<\/li>\t\t\t\t\t\t\t\t\t<li>17 gi\u1edd, h\u00e0ng tu\u1ea7n<\/li>\t\t\t\t\t\t\t\t<\/ul>\n\t\t\t\t\t\t\t\t\t\t\t\t\t<\/div>\n\t\t\t\t\t\t\t\t\t<\/div>\n\t\t\t<\/div>\n\t\t\t\t\t<div class=\"bz-cal-list-row\">\n\t\t\t\t<div class=\"bz-cal-list-date\" aria-hidden=\"true\">\n\t\t\t\t\t<span class=\"bz-cal-list-nr\">7<\/span>\n\t\t\t\t\t<span class=\"bz-cal-list-wd\">Th\u1ee9 Ba<\/span>\n\t\t\t\t<\/div>\n\t\t\t\t<div class=\"bz-cal-list-events\">\n\t\t\t\t\t\t\t\t\t\t\t<div class=\"bz-cal-list-event-wrap\">\n\t\t\t\t\t\t\t<a\n\t\t\t\t\t\t\t\thref=\"https:\/\/berlinzusammen.de\/vi\/events\/ag-mobilisierung-und-organisierung\/\"\n\t\t\t\t\t\t\t\tclass=\"bz-cal-event\"\n\t\t\t\t\t\t\t\tstyle=\"background:#7E3CFF;color:#ffffff;\"\n\t\t\t\t\t\t\t>Nh\u00f3m c\u00f4ng t\u00e1c V\u1eadn \u0111\u1ed9ng v\u00e0 T\u1ed5 ch\u1ee9c<\/a>\n\t\t\t\t\t\t\t\t\t\t\t\t\t\t\t<ul class=\"bz-cal-list-meta\">\n\t\t\t\t\t\t\t\t\t<li>18:00<\/li>\t\t\t\t\t\t\t\t\t<li>tr\u1ef1c tuy\u1ebfn<\/li>\t\t\t\t\t\t\t\t\t<li>18 gi\u1edd, hai tu\u1ea7n m\u1ed9t l\u1ea7n<\/li>\t\t\t\t\t\t\t\t<\/ul>\n\t\t\t\t\t\t\t\t\t\t\t\t\t<\/div>\n\t\t\t\t\t\t\t\t\t<\/div>\n\t\t\t<\/div>\n\t\t\t\t\t<div class=\"bz-cal-list-row\">\n\t\t\t\t<div class=\"bz-cal-list-date\" aria-hidden=\"true\">\n\t\t\t\t\t<span class=\"bz-cal-list-nr\">9<\/span>\n\t\t\t\t\t<span class=\"bz-cal-list-wd\">Th\u1ee9 N\u0103m<\/span>\n\t\t\t\t<\/div>\n\t\t\t\t<div class=\"bz-cal-list-events\">\n\t\t\t\t\t\t\t\t\t\t\t<div class=\"bz-cal-list-event-wrap\">\n\t\t\t\t\t\t\t<a\n\t\t\t\t\t\t\t\thref=\"https:\/\/berlinzusammen.de\/vi\/events\/ag-kommunikation\/\"\n\t\t\t\t\t\t\t\tclass=\"bz-cal-event\"\n\t\t\t\t\t\t\t\tstyle=\"background:#7E3CFF;color:#ffffff;\"\n\t\t\t\t\t\t\t>Nh\u00f3m Truy\u1ec1n th\u00f4ng<\/a>\n\t\t\t\t\t\t\t\t\t\t\t\t\t\t\t<ul class=\"bz-cal-list-meta\">\n\t\t\t\t\t\t\t\t\t<li>17:00<\/li>\t\t\t\t\t\t\t\t\t<li>lai<\/li>\t\t\t\t\t\t\t\t\t<li>17 gi\u1edd, h\u00e0ng tu\u1ea7n<\/li>\t\t\t\t\t\t\t\t<\/ul>\n\t\t\t\t\t\t\t\t\t\t\t\t\t<\/div>\n\t\t\t\t\t\t\t\t\t<\/div>\n\t\t\t<\/div>\n\t\t\t\t\t<div class=\"bz-cal-list-row\">\n\t\t\t\t<div class=\"bz-cal-list-date\" aria-hidden=\"true\">\n\t\t\t\t\t<span class=\"bz-cal-list-nr\">14<\/span>\n\t\t\t\t\t<span class=\"bz-cal-list-wd\">Th\u1ee9 Ba<\/span>\n\t\t\t\t<\/div>\n\t\t\t\t<div class=\"bz-cal-list-events\">\n\t\t\t\t\t\t\t\t\t\t\t<div class=\"bz-cal-list-event-wrap\">\n\t\t\t\t\t\t\t<a\n\t\t\t\t\t\t\t\thref=\"https:\/\/berlinzusammen.de\/vi\/events\/onboarding-aktueller-stand-mitmachmoeglichkeiten\/\"\n\t\t\t\t\t\t\t\tclass=\"bz-cal-event\"\n\t\t\t\t\t\t\t\tstyle=\"background:#93FF00;color:#2a5f00;\"\n\t\t\t\t\t\t\t>Onboarding (Online)<\/a>\n\t\t\t\t\t\t\t\t\t\t\t\t\t\t\t<ul class=\"bz-cal-list-meta\">\n\t\t\t\t\t\t\t\t\t<li>17:00<\/li>\t\t\t\t\t\t\t\t\t<li>Tr\u1ef1c tuy\u1ebfn<\/li>\t\t\t\t\t\t\t\t\t<li>H\u01b0\u1edbng d\u1eabn tham gia v\u1edbi th\u00f4ng tin v\u1ec1 chi\u1ebfn d\u1ecbch v\u00e0 c\u00e1c c\u01a1 h\u1ed9i tham gia.<\/li>\t\t\t\t\t\t\t\t<\/ul>\n\t\t\t\t\t\t\t\t\t\t\t\t\t<\/div>\n\t\t\t\t\t\t\t\t\t<\/div>\n\t\t\t<\/div>\n\t\t\t\t\t<div class=\"bz-cal-list-row\">\n\t\t\t\t<div class=\"bz-cal-list-date\" aria-hidden=\"true\">\n\t\t\t\t\t<span class=\"bz-cal-list-nr\">16<\/span>\n\t\t\t\t\t<span class=\"bz-cal-list-wd\">Th\u1ee9 N\u0103m<\/span>\n\t\t\t\t<\/div>\n\t\t\t\t<div class=\"bz-cal-list-events\">\n\t\t\t\t\t\t\t\t\t\t\t<div class=\"bz-cal-list-event-wrap\">\n\t\t\t\t\t\t\t<a\n\t\t\t\t\t\t\t\thref=\"https:\/\/berlinzusammen.de\/vi\/events\/ag-kommunikation\/\"\n\t\t\t\t\t\t\t\tclass=\"bz-cal-event\"\n\t\t\t\t\t\t\t\tstyle=\"background:#7E3CFF;color:#ffffff;\"\n\t\t\t\t\t\t\t>Nh\u00f3m Truy\u1ec1n th\u00f4ng<\/a>\n\t\t\t\t\t\t\t\t\t\t\t\t\t\t\t<ul class=\"bz-cal-list-meta\">\n\t\t\t\t\t\t\t\t\t<li>17:00<\/li>\t\t\t\t\t\t\t\t\t<li>lai<\/li>\t\t\t\t\t\t\t\t\t<li>17 gi\u1edd, h\u00e0ng tu\u1ea7n<\/li>\t\t\t\t\t\t\t\t<\/ul>\n\t\t\t\t\t\t\t\t\t\t\t\t\t<\/div>\n\t\t\t\t\t\t\t\t\t<\/div>\n\t\t\t<\/div>\n\t\t\t\t\t<div class=\"bz-cal-list-row\">\n\t\t\t\t<div class=\"bz-cal-list-date\" aria-hidden=\"true\">\n\t\t\t\t\t<span class=\"bz-cal-list-nr\">19<\/span>\n\t\t\t\t\t<span class=\"bz-cal-list-wd\">V\u1eady<\/span>\n\t\t\t\t<\/div>\n\t\t\t\t<div class=\"bz-cal-list-events\">\n\t\t\t\t\t\t\t\t\t\t\t<div class=\"bz-cal-list-event-wrap\">\n\t\t\t\t\t\t\t<a\n\t\t\t\t\t\t\t\thref=\"https:\/\/www.eventbrite.com\/e\/alle-fur-berlin-tickets-1985279207552\"\n\t\t\t\t\t\t\t\tclass=\"bz-cal-event\"\n\t\t\t\t\t\t\t\tstyle=\"background:#93FF00;color:#2a5f00;\"\n\t\t\t\t\t\t\t>\u00d6ffentlicher Kick-Off BerlinZusammen<\/a>\n\t\t\t\t\t\t\t\t\t\t\t\t\t\t\t<ul class=\"bz-cal-list-meta\">\n\t\t\t\t\t\t\t\t\t<li>12:00 Uhr<\/li>\t\t\t\t\t\t\t\t\t<li>ZK\/U<\/li>\t\t\t\t\t\t\t\t\t\t\t\t\t\t\t\t\t<\/ul>\n\t\t\t\t\t\t\t\t\t\t\t\t\t<\/div>\n\t\t\t\t\t\t\t\t\t<\/div>\n\t\t\t<\/div>\n\t\t\t\t\t<div class=\"bz-cal-list-row\">\n\t\t\t\t<div class=\"bz-cal-list-date\" aria-hidden=\"true\">\n\t\t\t\t\t<span class=\"bz-cal-list-nr\">21<\/span>\n\t\t\t\t\t<span class=\"bz-cal-list-wd\">Th\u1ee9 Ba<\/span>\n\t\t\t\t<\/div>\n\t\t\t\t<div class=\"bz-cal-list-events\">\n\t\t\t\t\t\t\t\t\t\t\t<div class=\"bz-cal-list-event-wrap\">\n\t\t\t\t\t\t\t<a\n\t\t\t\t\t\t\t\thref=\"https:\/\/berlinzusammen.de\/vi\/events\/ag-mobilisierung-und-organisierung\/\"\n\t\t\t\t\t\t\t\tclass=\"bz-cal-event\"\n\t\t\t\t\t\t\t\tstyle=\"background:#7E3CFF;color:#ffffff;\"\n\t\t\t\t\t\t\t>Nh\u00f3m c\u00f4ng t\u00e1c V\u1eadn \u0111\u1ed9ng v\u00e0 T\u1ed5 ch\u1ee9c<\/a>\n\t\t\t\t\t\t\t\t\t\t\t\t\t\t\t<ul class=\"bz-cal-list-meta\">\n\t\t\t\t\t\t\t\t\t<li>18:00<\/li>\t\t\t\t\t\t\t\t\t<li>tr\u1ef1c tuy\u1ebfn<\/li>\t\t\t\t\t\t\t\t\t<li>18 gi\u1edd, hai tu\u1ea7n m\u1ed9t l\u1ea7n<\/li>\t\t\t\t\t\t\t\t<\/ul>\n\t\t\t\t\t\t\t\t\t\t\t\t\t<\/div>\n\t\t\t\t\t\t\t\t\t\t\t<div class=\"bz-cal-list-event-wrap\">\n\t\t\t\t\t\t\t<a\n\t\t\t\t\t\t\t\thref=\"https:\/\/berlinzusammen.de\/vi\/events\/onboarding-online-2\/\"\n\t\t\t\t\t\t\t\tclass=\"bz-cal-event\"\n\t\t\t\t\t\t\t\tstyle=\"background:#93FF00;color:#2a5f00;\"\n\t\t\t\t\t\t\t>Onboarding (Online)<\/a>\n\t\t\t\t\t\t\t\t\t\t\t\t\t\t\t<ul class=\"bz-cal-list-meta\">\n\t\t\t\t\t\t\t\t\t<li>17:00<\/li>\t\t\t\t\t\t\t\t\t<li>\ud83d\udd17 https:\/\/us02web.zoom.us\/j\/88050644486<\/li>\t\t\t\t\t\t\t\t\t<li>H\u01b0\u1edbng d\u1eabn tham gia v\u1edbi th\u00f4ng tin v\u1ec1 chi\u1ebfn d\u1ecbch v\u00e0 c\u00e1c c\u01a1 h\u1ed9i tham gia.<\/li>\t\t\t\t\t\t\t\t<\/ul>\n\t\t\t\t\t\t\t\t\t\t\t\t\t<\/div>\n\t\t\t\t\t\t\t\t\t<\/div>\n\t\t\t<\/div>\n\t\t\t\t\t<div class=\"bz-cal-list-row\">\n\t\t\t\t<div class=\"bz-cal-list-date\" aria-hidden=\"true\">\n\t\t\t\t\t<span class=\"bz-cal-list-nr\">23<\/span>\n\t\t\t\t\t<span class=\"bz-cal-list-wd\">Th\u1ee9 N\u0103m<\/span>\n\t\t\t\t<\/div>\n\t\t\t\t<div class=\"bz-cal-list-events\">\n\t\t\t\t\t\t\t\t\t\t\t<div class=\"bz-cal-list-event-wrap\">\n\t\t\t\t\t\t\t<a\n\t\t\t\t\t\t\t\thref=\"https:\/\/berlinzusammen.de\/vi\/events\/ag-kommunikation\/\"\n\t\t\t\t\t\t\t\tclass=\"bz-cal-event\"\n\t\t\t\t\t\t\t\tstyle=\"background:#7E3CFF;color:#ffffff;\"\n\t\t\t\t\t\t\t>Nh\u00f3m Truy\u1ec1n th\u00f4ng<\/a>\n\t\t\t\t\t\t\t\t\t\t\t\t\t\t\t<ul class=\"bz-cal-list-meta\">\n\t\t\t\t\t\t\t\t\t<li>17:00<\/li>\t\t\t\t\t\t\t\t\t<li>lai<\/li>\t\t\t\t\t\t\t\t\t<li>17 gi\u1edd, h\u00e0ng tu\u1ea7n<\/li>\t\t\t\t\t\t\t\t<\/ul>\n\t\t\t\t\t\t\t\t\t\t\t\t\t<\/div>\n\t\t\t\t\t\t\t\t\t<\/div>\n\t\t\t<\/div>\n\t\t\t\t\t<div class=\"bz-cal-list-row bz-cal-list-row--today\">\n\t\t\t\t<div class=\"bz-cal-list-date\" aria-hidden=\"true\">\n\t\t\t\t\t<span class=\"bz-cal-list-nr\">30<\/span>\n\t\t\t\t\t<span class=\"bz-cal-list-wd\">Th\u1ee9 N\u0103m<\/span>\n\t\t\t\t<\/div>\n\t\t\t\t<div class=\"bz-cal-list-events\">\n\t\t\t\t\t\t\t\t\t\t\t<div class=\"bz-cal-list-event-wrap\">\n\t\t\t\t\t\t\t<a\n\t\t\t\t\t\t\t\thref=\"https:\/\/berlinzusammen.de\/vi\/events\/ag-kommunikation\/\"\n\t\t\t\t\t\t\t\tclass=\"bz-cal-event\"\n\t\t\t\t\t\t\t\tstyle=\"background:#7E3CFF;color:#ffffff;\"\n\t\t\t\t\t\t\t>Nh\u00f3m Truy\u1ec1n th\u00f4ng<\/a>\n\t\t\t\t\t\t\t\t\t\t\t\t\t\t\t<ul class=\"bz-cal-list-meta\">\n\t\t\t\t\t\t\t\t\t<li>17:00<\/li>\t\t\t\t\t\t\t\t\t<li>lai<\/li>\t\t\t\t\t\t\t\t\t<li>17 gi\u1edd, h\u00e0ng tu\u1ea7n<\/li>\t\t\t\t\t\t\t\t<\/ul>\n\t\t\t\t\t\t\t\t\t\t\t\t\t<\/div>\n\t\t\t\t\t\t\t\t\t<\/div>\n\t\t\t<\/div>\n\t\t\n\t\t\t<\/div>\n\n\t<!-- Desktop Rasteransicht ------------------------------------------------ -->\n\t<div class=\"bz-cal-grid-wrap\">\n\t\t<div class=\"bz-cal-grid\" role=\"grid\" aria-label=\"Th\u00e1ng 4 n\u0103m 2026\">\n\n\t\t\t\t\t\t\t<div class=\"bz-cal-dayname\" role=\"columnheader\">Th\u1ee9 Hai<\/div>\n\t\t\t\t\t\t\t<div class=\"bz-cal-dayname\" role=\"columnheader\">Th\u1ee9 Ba<\/div>\n\t\t\t\t\t\t\t<div class=\"bz-cal-dayname\" role=\"columnheader\">Th\u1ee9 T\u01b0<\/div>\n\t\t\t\t\t\t\t<div class=\"bz-cal-dayname\" role=\"columnheader\">Th\u1ee9 N\u0103m<\/div>\n\t\t\t\t\t\t\t<div class=\"bz-cal-dayname\" role=\"columnheader\">Th\u1ee9 S\u00e1u<\/div>\n\t\t\t\t\t\t\t<div class=\"bz-cal-dayname\" role=\"columnheader\">Th\u1ee9 B\u1ea3y<\/div>\n\t\t\t\t\t\t\t<div class=\"bz-cal-dayname\" role=\"columnheader\">V\u1eady<\/div>\n\t\t\t\n\t\t\t\t\t\t\t<div class=\"bz-cal-day bz-cal-day--empty\" aria-hidden=\"true\"><\/div>\n\t\t\t\t\t\t\t<div class=\"bz-cal-day bz-cal-day--empty\" aria-hidden=\"true\"><\/div>\n\t\t\t\n\t\t\t\t\t\t\t<div class=\"bz-cal-day\" role=\"gridcell\" aria-label=\"Ng\u00e0y 1 th\u00e1ng 4\">\n\t\t\t\t\t<span class=\"bz-cal-daynr\">1<\/span>\n\n\t\t\t\t\t\t\t\t\t<\/div>\n\t\t\t\t\t\t\t<div class=\"bz-cal-day\" role=\"gridcell\" aria-label=\"Ng\u00e0y 2 th\u00e1ng 4\">\n\t\t\t\t\t<span class=\"bz-cal-daynr\">2<\/span>\n\n\t\t\t\t\t\t\t\t\t\t\t<div class=\"bz-cal-events\">\n\t\t\t\t\t\t\t\t\t\t\t\t\t\t\t<a\n\t\t\t\t\t\t\t\t\thref=\"https:\/\/berlinzusammen.de\/vi\/events\/ag-kommunikation\/\"\n\t\t\t\t\t\t\t\t\tclass=\"bz-cal-event\"\n\t\t\t\t\t\t\t\t\tstyle=\"background:#7E3CFF;color:#ffffff;\"\n\t\t\t\t\t\t\t\t\tdata-location=\"hybrid\"\t\t\t\t\t\t\t\t\tdata-desc=\"17 Uhr, w\u00f6chentlich\"\t\t\t\t\t\t\t\t><span class=\"bz-cal-event-time\">17:00<\/span><span class=\"bz-cal-event-title\">Nh\u00f3m Truy\u1ec1n th\u00f4ng<\/span><\/a>\n\t\t\t\t\t\t\t\t\t\t\t\t\t<\/div>\n\t\t\t\t\t\t\t\t\t<\/div>\n\t\t\t\t\t\t\t<div class=\"bz-cal-day\" role=\"gridcell\" aria-label=\"Ng\u00e0y 3 th\u00e1ng 4\">\n\t\t\t\t\t<span class=\"bz-cal-daynr\">3<\/span>\n\n\t\t\t\t\t\t\t\t\t<\/div>\n\t\t\t\t\t\t\t<div class=\"bz-cal-day\" role=\"gridcell\" aria-label=\"Ng\u00e0y 4 th\u00e1ng 4\">\n\t\t\t\t\t<span class=\"bz-cal-daynr\">4<\/span>\n\n\t\t\t\t\t\t\t\t\t<\/div>\n\t\t\t\t\t\t\t<div class=\"bz-cal-day\" role=\"gridcell\" aria-label=\"Ng\u00e0y 5 th\u00e1ng 4\">\n\t\t\t\t\t<span class=\"bz-cal-daynr\">5<\/span>\n\n\t\t\t\t\t\t\t\t\t<\/div>\n\t\t\t\t\t\t\t<div class=\"bz-cal-day\" role=\"gridcell\" aria-label=\"Ng\u00e0y 6 th\u00e1ng 4\">\n\t\t\t\t\t<span class=\"bz-cal-daynr\">6<\/span>\n\n\t\t\t\t\t\t\t\t\t<\/div>\n\t\t\t\t\t\t\t<div class=\"bz-cal-day\" role=\"gridcell\" aria-label=\"Ng\u00e0y 7 th\u00e1ng 4\">\n\t\t\t\t\t<span class=\"bz-cal-daynr\">7<\/span>\n\n\t\t\t\t\t\t\t\t\t\t\t<div class=\"bz-cal-events\">\n\t\t\t\t\t\t\t\t\t\t\t\t\t\t\t<a\n\t\t\t\t\t\t\t\t\thref=\"https:\/\/berlinzusammen.de\/vi\/events\/ag-mobilisierung-und-organisierung\/\"\n\t\t\t\t\t\t\t\t\tclass=\"bz-cal-event\"\n\t\t\t\t\t\t\t\t\tstyle=\"background:#7E3CFF;color:#ffffff;\"\n\t\t\t\t\t\t\t\t\tdata-location=\"online\"\t\t\t\t\t\t\t\t\tdata-desc=\"18 Uhr, alle 2 Woche\"\t\t\t\t\t\t\t\t><span class=\"bz-cal-event-time\">18:00<\/span><span class=\"bz-cal-event-title\">Nh\u00f3m c\u00f4ng t\u00e1c V\u1eadn \u0111\u1ed9ng v\u00e0 T\u1ed5 ch\u1ee9c<\/span><\/a>\n\t\t\t\t\t\t\t\t\t\t\t\t\t<\/div>\n\t\t\t\t\t\t\t\t\t<\/div>\n\t\t\t\t\t\t\t<div class=\"bz-cal-day\" role=\"gridcell\" aria-label=\"Ng\u00e0y 8 th\u00e1ng 4\">\n\t\t\t\t\t<span class=\"bz-cal-daynr\">8<\/span>\n\n\t\t\t\t\t\t\t\t\t<\/div>\n\t\t\t\t\t\t\t<div class=\"bz-cal-day\" role=\"gridcell\" aria-label=\"Ng\u00e0y 9 th\u00e1ng 4\">\n\t\t\t\t\t<span class=\"bz-cal-daynr\">9<\/span>\n\n\t\t\t\t\t\t\t\t\t\t\t<div class=\"bz-cal-events\">\n\t\t\t\t\t\t\t\t\t\t\t\t\t\t\t<a\n\t\t\t\t\t\t\t\t\thref=\"https:\/\/berlinzusammen.de\/vi\/events\/ag-kommunikation\/\"\n\t\t\t\t\t\t\t\t\tclass=\"bz-cal-event\"\n\t\t\t\t\t\t\t\t\tstyle=\"background:#7E3CFF;color:#ffffff;\"\n\t\t\t\t\t\t\t\t\tdata-location=\"hybrid\"\t\t\t\t\t\t\t\t\tdata-desc=\"17 Uhr, w\u00f6chentlich\"\t\t\t\t\t\t\t\t><span class=\"bz-cal-event-time\">17:00<\/span><span class=\"bz-cal-event-title\">Nh\u00f3m Truy\u1ec1n th\u00f4ng<\/span><\/a>\n\t\t\t\t\t\t\t\t\t\t\t\t\t<\/div>\n\t\t\t\t\t\t\t\t\t<\/div>\n\t\t\t\t\t\t\t<div class=\"bz-cal-day\" role=\"gridcell\" aria-label=\"Ng\u00e0y 10 th\u00e1ng 4\">\n\t\t\t\t\t<span class=\"bz-cal-daynr\">10<\/span>\n\n\t\t\t\t\t\t\t\t\t<\/div>\n\t\t\t\t\t\t\t<div class=\"bz-cal-day\" role=\"gridcell\" aria-label=\"Ng\u00e0y 11 th\u00e1ng 4\">\n\t\t\t\t\t<span class=\"bz-cal-daynr\">11<\/span>\n\n\t\t\t\t\t\t\t\t\t<\/div>\n\t\t\t\t\t\t\t<div class=\"bz-cal-day\" role=\"gridcell\" aria-label=\"Ng\u00e0y 12 th\u00e1ng 4\">\n\t\t\t\t\t<span class=\"bz-cal-daynr\">12<\/span>\n\n\t\t\t\t\t\t\t\t\t<\/div>\n\t\t\t\t\t\t\t<div class=\"bz-cal-day\" role=\"gridcell\" aria-label=\"Ng\u00e0y 13 th\u00e1ng 4\">\n\t\t\t\t\t<span class=\"bz-cal-daynr\">13<\/span>\n\n\t\t\t\t\t\t\t\t\t<\/div>\n\t\t\t\t\t\t\t<div class=\"bz-cal-day\" role=\"gridcell\" aria-label=\"Ng\u00e0y 14 th\u00e1ng 4\">\n\t\t\t\t\t<span class=\"bz-cal-daynr\">14<\/span>\n\n\t\t\t\t\t\t\t\t\t\t\t<div class=\"bz-cal-events\">\n\t\t\t\t\t\t\t\t\t\t\t\t\t\t\t<a\n\t\t\t\t\t\t\t\t\thref=\"https:\/\/berlinzusammen.de\/vi\/events\/onboarding-aktueller-stand-mitmachmoeglichkeiten\/\"\n\t\t\t\t\t\t\t\t\tclass=\"bz-cal-event\"\n\t\t\t\t\t\t\t\t\tstyle=\"background:#93FF00;color:#2a5f00;\"\n\t\t\t\t\t\t\t\t\tdata-location=\"Online\"\t\t\t\t\t\t\t\t\tdata-desc=\"Onboarding mit Infos zur Kampagne und Mitmachm\u00f6glichkeiten.\"\t\t\t\t\t\t\t\t><span class=\"bz-cal-event-time\">17:00<\/span><span class=\"bz-cal-event-title\">Onboarding (Online)<\/span><\/a>\n\t\t\t\t\t\t\t\t\t\t\t\t\t<\/div>\n\t\t\t\t\t\t\t\t\t<\/div>\n\t\t\t\t\t\t\t<div class=\"bz-cal-day\" role=\"gridcell\" aria-label=\"Ng\u00e0y 15 th\u00e1ng 4\">\n\t\t\t\t\t<span class=\"bz-cal-daynr\">15<\/span>\n\n\t\t\t\t\t\t\t\t\t<\/div>\n\t\t\t\t\t\t\t<div class=\"bz-cal-day\" role=\"gridcell\" aria-label=\"Ng\u00e0y 16 th\u00e1ng 4\">\n\t\t\t\t\t<span class=\"bz-cal-daynr\">16<\/span>\n\n\t\t\t\t\t\t\t\t\t\t\t<div class=\"bz-cal-events\">\n\t\t\t\t\t\t\t\t\t\t\t\t\t\t\t<a\n\t\t\t\t\t\t\t\t\thref=\"https:\/\/berlinzusammen.de\/vi\/events\/ag-kommunikation\/\"\n\t\t\t\t\t\t\t\t\tclass=\"bz-cal-event\"\n\t\t\t\t\t\t\t\t\tstyle=\"background:#7E3CFF;color:#ffffff;\"\n\t\t\t\t\t\t\t\t\tdata-location=\"hybrid\"\t\t\t\t\t\t\t\t\tdata-desc=\"17 Uhr, w\u00f6chentlich\"\t\t\t\t\t\t\t\t><span class=\"bz-cal-event-time\">17:00<\/span><span class=\"bz-cal-event-title\">Nh\u00f3m Truy\u1ec1n th\u00f4ng<\/span><\/a>\n\t\t\t\t\t\t\t\t\t\t\t\t\t<\/div>\n\t\t\t\t\t\t\t\t\t<\/div>\n\t\t\t\t\t\t\t<div class=\"bz-cal-day\" role=\"gridcell\" aria-label=\"Ng\u00e0y 17 th\u00e1ng 4\">\n\t\t\t\t\t<span class=\"bz-cal-daynr\">17<\/span>\n\n\t\t\t\t\t\t\t\t\t<\/div>\n\t\t\t\t\t\t\t<div class=\"bz-cal-day\" role=\"gridcell\" aria-label=\"Ng\u00e0y 18 th\u00e1ng 4\">\n\t\t\t\t\t<span class=\"bz-cal-daynr\">18<\/span>\n\n\t\t\t\t\t\t\t\t\t<\/div>\n\t\t\t\t\t\t\t<div class=\"bz-cal-day\" role=\"gridcell\" aria-label=\"Ng\u00e0y 19 th\u00e1ng 4\">\n\t\t\t\t\t<span class=\"bz-cal-daynr\">19<\/span>\n\n\t\t\t\t\t\t\t\t\t\t\t<div class=\"bz-cal-events\">\n\t\t\t\t\t\t\t\t\t\t\t\t\t\t\t<a\n\t\t\t\t\t\t\t\t\thref=\"https:\/\/www.eventbrite.com\/e\/alle-fur-berlin-tickets-1985279207552\"\n\t\t\t\t\t\t\t\t\tclass=\"bz-cal-event\"\n\t\t\t\t\t\t\t\t\tstyle=\"background:#93FF00;color:#2a5f00;\"\n\t\t\t\t\t\t\t\t\tdata-location=\"ZK\/U\"\t\t\t\t\t\t\t\t\t\t\t\t\t\t\t\t\t><span class=\"bz-cal-event-time\">12:00<\/span><span class=\"bz-cal-event-title\">\u00d6ffentlicher Kick-Off BerlinZusammen<\/span><\/a>\n\t\t\t\t\t\t\t\t\t\t\t\t\t<\/div>\n\t\t\t\t\t\t\t\t\t<\/div>\n\t\t\t\t\t\t\t<div class=\"bz-cal-day\" role=\"gridcell\" aria-label=\"Ng\u00e0y 20 th\u00e1ng 4\">\n\t\t\t\t\t<span class=\"bz-cal-daynr\">20<\/span>\n\n\t\t\t\t\t\t\t\t\t<\/div>\n\t\t\t\t\t\t\t<div class=\"bz-cal-day\" role=\"gridcell\" aria-label=\"Ng\u00e0y 21 th\u00e1ng 4\">\n\t\t\t\t\t<span class=\"bz-cal-daynr\">21<\/span>\n\n\t\t\t\t\t\t\t\t\t\t\t<div class=\"bz-cal-events\">\n\t\t\t\t\t\t\t\t\t\t\t\t\t\t\t<a\n\t\t\t\t\t\t\t\t\thref=\"https:\/\/berlinzusammen.de\/vi\/events\/ag-mobilisierung-und-organisierung\/\"\n\t\t\t\t\t\t\t\t\tclass=\"bz-cal-event\"\n\t\t\t\t\t\t\t\t\tstyle=\"background:#7E3CFF;color:#ffffff;\"\n\t\t\t\t\t\t\t\t\tdata-location=\"online\"\t\t\t\t\t\t\t\t\tdata-desc=\"18 Uhr, alle 2 Woche\"\t\t\t\t\t\t\t\t><span class=\"bz-cal-event-time\">18:00<\/span><span class=\"bz-cal-event-title\">Nh\u00f3m c\u00f4ng t\u00e1c V\u1eadn \u0111\u1ed9ng v\u00e0 T\u1ed5 ch\u1ee9c<\/span><\/a>\n\t\t\t\t\t\t\t\t\t\t\t\t\t\t\t<a\n\t\t\t\t\t\t\t\t\thref=\"https:\/\/berlinzusammen.de\/vi\/events\/onboarding-online-2\/\"\n\t\t\t\t\t\t\t\t\tclass=\"bz-cal-event\"\n\t\t\t\t\t\t\t\t\tstyle=\"background:#93FF00;color:#2a5f00;\"\n\t\t\t\t\t\t\t\t\tdata-location=\"\ud83d\udd17 https:\/\/us02web.zoom.us\/j\/88050644486\"\t\t\t\t\t\t\t\t\tdata-desc=\"Onboarding mit Infos zur Kampagne und Mitmachm\u00f6glichkeiten.\"\t\t\t\t\t\t\t\t><span class=\"bz-cal-event-time\">17:00<\/span><span class=\"bz-cal-event-title\">Onboarding (Online)<\/span><\/a>\n\t\t\t\t\t\t\t\t\t\t\t\t\t<\/div>\n\t\t\t\t\t\t\t\t\t<\/div>\n\t\t\t\t\t\t\t<div class=\"bz-cal-day\" role=\"gridcell\" aria-label=\"Ng\u00e0y 22 th\u00e1ng 4\">\n\t\t\t\t\t<span class=\"bz-cal-daynr\">22<\/span>\n\n\t\t\t\t\t\t\t\t\t<\/div>\n\t\t\t\t\t\t\t<div class=\"bz-cal-day\" role=\"gridcell\" aria-label=\"Ng\u00e0y 23 th\u00e1ng 4\">\n\t\t\t\t\t<span class=\"bz-cal-daynr\">23<\/span>\n\n\t\t\t\t\t\t\t\t\t\t\t<div class=\"bz-cal-events\">\n\t\t\t\t\t\t\t\t\t\t\t\t\t\t\t<a\n\t\t\t\t\t\t\t\t\thref=\"https:\/\/berlinzusammen.de\/vi\/events\/ag-kommunikation\/\"\n\t\t\t\t\t\t\t\t\tclass=\"bz-cal-event\"\n\t\t\t\t\t\t\t\t\tstyle=\"background:#7E3CFF;color:#ffffff;\"\n\t\t\t\t\t\t\t\t\tdata-location=\"hybrid\"\t\t\t\t\t\t\t\t\tdata-desc=\"17 Uhr, w\u00f6chentlich\"\t\t\t\t\t\t\t\t><span class=\"bz-cal-event-time\">17:00<\/span><span class=\"bz-cal-event-title\">Nh\u00f3m Truy\u1ec1n th\u00f4ng<\/span><\/a>\n\t\t\t\t\t\t\t\t\t\t\t\t\t<\/div>\n\t\t\t\t\t\t\t\t\t<\/div>\n\t\t\t\t\t\t\t<div class=\"bz-cal-day\" role=\"gridcell\" aria-label=\"Ng\u00e0y 24 th\u00e1ng 4\">\n\t\t\t\t\t<span class=\"bz-cal-daynr\">24<\/span>\n\n\t\t\t\t\t\t\t\t\t<\/div>\n\t\t\t\t\t\t\t<div class=\"bz-cal-day\" role=\"gridcell\" aria-label=\"Ng\u00e0y 25 th\u00e1ng 4\">\n\t\t\t\t\t<span class=\"bz-cal-daynr\">25<\/span>\n\n\t\t\t\t\t\t\t\t\t<\/div>\n\t\t\t\t\t\t\t<div class=\"bz-cal-day\" role=\"gridcell\" aria-label=\"Ng\u00e0y 26 th\u00e1ng 4\">\n\t\t\t\t\t<span class=\"bz-cal-daynr\">26<\/span>\n\n\t\t\t\t\t\t\t\t\t<\/div>\n\t\t\t\t\t\t\t<div class=\"bz-cal-day\" role=\"gridcell\" aria-label=\"27 th\u00e1ng 4\">\n\t\t\t\t\t<span class=\"bz-cal-daynr\">27<\/span>\n\n\t\t\t\t\t\t\t\t\t<\/div>\n\t\t\t\t\t\t\t<div class=\"bz-cal-day\" role=\"gridcell\" aria-label=\"28 th\u00e1ng 4\">\n\t\t\t\t\t<span class=\"bz-cal-daynr\">28<\/span>\n\n\t\t\t\t\t\t\t\t\t<\/div>\n\t\t\t\t\t\t\t<div class=\"bz-cal-day\" role=\"gridcell\" aria-label=\"29 th\u00e1ng 4\">\n\t\t\t\t\t<span class=\"bz-cal-daynr\">29<\/span>\n\n\t\t\t\t\t\t\t\t\t<\/div>\n\t\t\t\t\t\t\t<div class=\"bz-cal-day bz-cal-day--today\" role=\"gridcell\" aria-label=\"30 th\u00e1ng 4\">\n\t\t\t\t\t<span class=\"bz-cal-daynr\">30<\/span>\n\n\t\t\t\t\t\t\t\t\t\t\t<div class=\"bz-cal-events\">\n\t\t\t\t\t\t\t\t\t\t\t\t\t\t\t<a\n\t\t\t\t\t\t\t\t\thref=\"https:\/\/berlinzusammen.de\/vi\/events\/ag-kommunikation\/\"\n\t\t\t\t\t\t\t\t\tclass=\"bz-cal-event\"\n\t\t\t\t\t\t\t\t\tstyle=\"background:#7E3CFF;color:#ffffff;\"\n\t\t\t\t\t\t\t\t\tdata-location=\"hybrid\"\t\t\t\t\t\t\t\t\tdata-desc=\"17 Uhr, w\u00f6chentlich\"\t\t\t\t\t\t\t\t><span class=\"bz-cal-event-time\">17:00<\/span><span class=\"bz-cal-event-title\">Nh\u00f3m Truy\u1ec1n th\u00f4ng<\/span><\/a>\n\t\t\t\t\t\t\t\t\t\t\t\t\t<\/div>\n\t\t\t\t\t\t\t\t\t<\/div>\n\t\t\t\n\t\t\t\t\t\t\t<div class=\"bz-cal-day bz-cal-day--empty\" aria-hidden=\"true\"><\/div>\n\t\t\t\t\t\t\t<div class=\"bz-cal-day bz-cal-day--empty\" aria-hidden=\"true\"><\/div>\n\t\t\t\t\t\t\t<div class=\"bz-cal-day bz-cal-day--empty\" aria-hidden=\"true\"><\/div>\n\t\t\t\n\t\t<\/div>\n\t<\/div>\n\n<\/div>\n\n\n\n<div style=\"height:100px\" aria-hidden=\"true\" class=\"wp-block-spacer\"><\/div>\n<\/div>","protected":false},"excerpt":{"rendered":"","protected":false},"author":1,"featured_media":0,"parent":0,"menu_order":0,"comment_status":"closed","ping_status":"closed","template":"","meta":{"_acf_changed":false,"footnotes":""},"class_list":["post-53","page","type-page","status-publish","hentry"],"acf":[],"_links":{"self":[{"href":"https:\/\/berlinzusammen.de\/vi\/wp-json\/wp\/v2\/pages\/53","targetHints":{"allow":["GET"]}}],"collection":[{"href":"https:\/\/berlinzusammen.de\/vi\/wp-json\/wp\/v2\/pages"}],"about":[{"href":"https:\/\/berlinzusammen.de\/vi\/wp-json\/wp\/v2\/types\/page"}],"author":[{"embeddable":true,"href":"https:\/\/berlinzusammen.de\/vi\/wp-json\/wp\/v2\/users\/1"}],"replies":[{"embeddable":true,"href":"https:\/\/berlinzusammen.de\/vi\/wp-json\/wp\/v2\/comments?post=53"}],"version-history":[{"count":1,"href":"https:\/\/berlinzusammen.de\/vi\/wp-json\/wp\/v2\/pages\/53\/revisions"}],"predecessor-version":[{"id":425,"href":"https:\/\/berlinzusammen.de\/vi\/wp-json\/wp\/v2\/pages\/53\/revisions\/425"}],"wp:attachment":[{"href":"https:\/\/berlinzusammen.de\/vi\/wp-json\/wp\/v2\/media?parent=53"}],"curies":[{"name":"wp","href":"https:\/\/api.w.org\/{rel}","templated":true}]}}